{"id":28,"date":"2022-04-28T11:55:57","date_gmt":"2022-04-28T11:55:57","guid":{"rendered":"https:\/\/radiologiesmbb.com\/?page_id=28"},"modified":"2022-04-28T14:32:08","modified_gmt":"2022-04-28T14:32:08","slug":"nos-services","status":"publish","type":"page","link":"https:\/\/radiologiesmbb.com\/en\/nos-services\/","title":{"rendered":"Our services"},"content":{"rendered":"<div data-elementor-type=\"wp-page\" data-elementor-id=\"28\" class=\"elementor elementor-28\" data-elementor-post-type=\"page\">\n\t\t\t\t\t\t<section class=\"elementor-section elementor-top-section elementor-element elementor-element-92ea79b elementor-section-boxed elementor-section-height-default elementor-section-height-default\" data-id=\"92ea79b\" data-element_type=\"section\" data-e-type=\"section\">\n\t\t\t\t\t\t<div class=\"elementor-container elementor-column-gap-default\">\n\t\t\t\t\t<div class=\"elementor-column elementor-col-66 elementor-top-column elementor-element elementor-element-2ce7ec0\" data-id=\"2ce7ec0\" data-element_type=\"column\" data-e-type=\"column\">\n\t\t\t<div class=\"elementor-widget-wrap elementor-element-populated\">\n\t\t\t\t\t\t<div class=\"elementor-element elementor-element-58282b3 elementor-widget elementor-widget-heading\" data-id=\"58282b3\" data-element_type=\"widget\" data-e-type=\"widget\" data-widget_type=\"heading.default\">\n\t\t\t\t<div class=\"elementor-widget-container\">\n\t\t\t\t\t<h1 class=\"elementor-heading-title elementor-size-default\">Our services<\/h1>\t\t\t\t<\/div>\n\t\t\t\t<\/div>\n\t\t\t\t<div class=\"elementor-element elementor-element-8046561 elementor-widget elementor-widget-text-editor\" data-id=\"8046561\" data-element_type=\"widget\" data-e-type=\"widget\" data-widget_type=\"text-editor.default\">\n\t\t\t\t<div class=\"elementor-widget-container\">\n\t\t\t\t\t\t\t\t\t<p>The R\u00e9gie de l&#039;assurance maladie du Qu\u00e9bec (RAMQ) covers the costs associated with mammography, x-rays and bone densitometry only.<\/p>\t\t\t\t\t\t\t\t<\/div>\n\t\t\t\t<\/div>\n\t\t\t\t<section class=\"elementor-section elementor-inner-section elementor-element elementor-element-7e54965 elementor-section-boxed elementor-section-height-default elementor-section-height-default\" data-id=\"7e54965\" data-element_type=\"section\" data-e-type=\"section\">\n\t\t\t\t\t\t<div class=\"elementor-container elementor-column-gap-default\">\n\t\t\t\t\t<div class=\"elementor-column elementor-col-50 elementor-inner-column elementor-element elementor-element-c2867ad\" data-id=\"c2867ad\" data-element_type=\"column\" data-e-type=\"column\">\n\t\t\t<div class=\"elementor-widget-wrap elementor-element-populated\">\n\t\t\t\t\t\t<div class=\"elementor-element elementor-element-ce99886 elementor-widget elementor-widget-heading\" data-id=\"ce99886\" data-element_type=\"widget\" data-e-type=\"widget\" data-widget_type=\"heading.default\">\n\t\t\t\t<div class=\"elementor-widget-container\">\n\t\t\t\t\t<h2 class=\"elementor-heading-title elementor-size-default\"><a href=\"https:\/\/radiologiesmbb.com\/en\/votre-examen\/mammographie\/\">Screening and diagnostic mammography<\/a><\/h2>\t\t\t\t<\/div>\n\t\t\t\t<\/div>\n\t\t\t\t<div class=\"elementor-element elementor-element-89d6aed elementor-widget elementor-widget-text-editor\" data-id=\"89d6aed\" data-element_type=\"widget\" data-e-type=\"widget\" data-widget_type=\"text-editor.default\">\n\t\t\t\t<div class=\"elementor-widget-container\">\n\t\t\t\t\t\t\t\t\t<p>Our two clinics, Radiologie St-Martin and Radiologie Bois-de-Boulogne, are centers approved by the<a title=\"Canadian Association of Radiologists\" href=\"http:\/\/www.car.ca\/fr.aspx\" target=\"_blank\" rel=\"noopener\">Canadian Association of Radiologists<\/a>\u00a0and designated by the Ministry of Health for breast cancer screening. We offer appointments every day of the week, in the evening and even on Saturdays.<\/p><p>We offer all types of ultrasound, such as breast, musculoskeletal, pelvic, abdominal, carotid doppler, venous doppler, thyroid and first trimester obstetric ultrasound. We accept emergency medical appointments every day.<\/p>\t\t\t\t\t\t\t\t<\/div>\n\t\t\t\t<\/div>\n\t\t\t\t<div class=\"elementor-element elementor-element-6fd3ac8 elementor-widget elementor-widget-heading\" data-id=\"6fd3ac8\" data-element_type=\"widget\" data-e-type=\"widget\" data-widget_type=\"heading.default\">\n\t\t\t\t<div class=\"elementor-widget-container\">\n\t\t\t\t\t<h2 class=\"elementor-heading-title elementor-size-default\"><a href=\"https:\/\/radiologiesmbb.com\/en\/votre-examen\/resonance-magnetique\/\">Magnetic resonance imaging<\/a><\/h2>\t\t\t\t<\/div>\n\t\t\t\t<\/div>\n\t\t\t\t<div class=\"elementor-element elementor-element-53881e8 elementor-widget elementor-widget-text-editor\" data-id=\"53881e8\" data-element_type=\"widget\" data-e-type=\"widget\" data-widget_type=\"text-editor.default\">\n\t\t\t\t<div class=\"elementor-widget-container\">\n\t\t\t\t\t\t\t\t\t<p>We offer a same-day appointment and a report to the attending physician within 48 hours of your examination. We offer all examinations such as cerebral and spinal, musculoskeletal, abdominal, pelvic, thoracic, angioresonance and cholangioresonance.<\/p>\t\t\t\t\t\t\t\t<\/div>\n\t\t\t\t<\/div>\n\t\t\t\t\t<\/div>\n\t\t<\/div>\n\t\t\t\t<div class=\"elementor-column elementor-col-50 elementor-inner-column elementor-element elementor-element-5a8da7a\" data-id=\"5a8da7a\" data-element_type=\"column\" data-e-type=\"column\">\n\t\t\t<div class=\"elementor-widget-wrap elementor-element-populated\">\n\t\t\t\t\t\t<div class=\"elementor-element elementor-element-57f5165 elementor-widget elementor-widget-heading\" data-id=\"57f5165\" data-element_type=\"widget\" data-e-type=\"widget\" data-widget_type=\"heading.default\">\n\t\t\t\t<div class=\"elementor-widget-container\">\n\t\t\t\t\t<h2 class=\"elementor-heading-title elementor-size-default\"><a href=\"https:\/\/radiologiesmbb.com\/en\/votre-examen\/arthrographie-infiltration\/\">Diagnostic arthrography and infiltration under ultrasound or fluroscopic guidance<\/a><\/h2>\t\t\t\t<\/div>\n\t\t\t\t<\/div>\n\t\t\t\t<div class=\"elementor-element elementor-element-0e0b620 elementor-widget elementor-widget-text-editor\" data-id=\"0e0b620\" data-element_type=\"widget\" data-e-type=\"widget\" data-widget_type=\"text-editor.default\">\n\t\t\t\t<div class=\"elementor-widget-container\">\n\t\t\t\t\t\t\t\t\t<p>The examination to visualize joints such as the shoulder, knee, hip, foot, hand, etc. is offered by our team of radiologists specialized in musculoskeletal. We also have availability every week for medication infiltrations (cortisone) in the joints.<\/p>\t\t\t\t\t\t\t\t<\/div>\n\t\t\t\t<\/div>\n\t\t\t\t<div class=\"elementor-element elementor-element-06fa0ad elementor-widget elementor-widget-heading\" data-id=\"06fa0ad\" data-element_type=\"widget\" data-e-type=\"widget\" data-widget_type=\"heading.default\">\n\t\t\t\t<div class=\"elementor-widget-container\">\n\t\t\t\t\t<h2 class=\"elementor-heading-title elementor-size-default\"><a href=\"https:\/\/radiologiesmbb.com\/en\/votre-examen\/osteodensitometire\/\">Bone densitometry<\/a><\/h2>\t\t\t\t<\/div>\n\t\t\t\t<\/div>\n\t\t\t\t<div class=\"elementor-element elementor-element-1b27a7d elementor-widget elementor-widget-text-editor\" data-id=\"1b27a7d\" data-element_type=\"widget\" data-e-type=\"widget\" data-widget_type=\"text-editor.default\">\n\t\t\t\t<div class=\"elementor-widget-container\">\n\t\t\t\t\t\t\t\t\t<p>Bone densitometry is a simple test that assesses osteoporosis. We offer this exam every day, even evenings and Saturdays.<\/p>\t\t\t\t\t\t\t\t<\/div>\n\t\t\t\t<\/div>\n\t\t\t\t<div class=\"elementor-element elementor-element-6ac89e1 elementor-widget elementor-widget-heading\" data-id=\"6ac89e1\" data-element_type=\"widget\" data-e-type=\"widget\" data-widget_type=\"heading.default\">\n\t\t\t\t<div class=\"elementor-widget-container\">\n\t\t\t\t\t<h2 class=\"elementor-heading-title elementor-size-default\"><a href=\"https:\/\/radiologiesmbb.com\/en\/votre-examen\/radiographie\/\">General radiography and dental radiography<\/a><\/h2>\t\t\t\t<\/div>\n\t\t\t\t<\/div>\n\t\t\t\t<div class=\"elementor-element elementor-element-08b4313 elementor-widget elementor-widget-text-editor\" data-id=\"08b4313\" data-element_type=\"widget\" data-e-type=\"widget\" data-widget_type=\"text-editor.default\">\n\t\t\t\t<div class=\"elementor-widget-container\">\n\t\t\t\t\t\t\t\t\t<p>No appointment is necessary. The examination report requested urgently is sent to the attending physician the same day.<\/p>\t\t\t\t\t\t\t\t<\/div>\n\t\t\t\t<\/div>\n\t\t\t\t\t<\/div>\n\t\t<\/div>\n\t\t\t\t\t<\/div>\n\t\t<\/section>\n\t\t\t\t\t<\/div>\n\t\t<\/div>\n\t\t\t\t<div class=\"elementor-column elementor-col-33 elementor-top-column elementor-element elementor-element-33ad551\" data-id=\"33ad551\" data-element_type=\"column\" data-e-type=\"column\">\n\t\t\t<div class=\"elementor-widget-wrap elementor-element-populated\">\n\t\t\t\t\t\t<div class=\"elementor-element elementor-element-7aa31ce elementor-widget elementor-widget-text-editor\" data-id=\"7aa31ce\" data-element_type=\"widget\" data-e-type=\"widget\" data-widget_type=\"text-editor.default\">\n\t\t\t\t<div class=\"elementor-widget-container\">\n\t\t\t\t\t\t\t\t\t<p>The group of radiologists at the H\u00f4pital du Sacr\u00e9 Coeur in Montreal provides all services and maintains a high level of competence and excellence.<\/p>\t\t\t\t\t\t\t\t<\/div>\n\t\t\t\t<\/div>\n\t\t\t\t<section class=\"elementor-section elementor-inner-section elementor-element elementor-element-c70ecd0 elementor-section-boxed elementor-section-height-default elementor-section-height-default\" data-id=\"c70ecd0\" data-element_type=\"section\" data-e-type=\"section\">\n\t\t\t\t\t\t<div class=\"elementor-container elementor-column-gap-default\">\n\t\t\t\t\t<div class=\"elementor-column elementor-col-100 elementor-inner-column elementor-element elementor-element-d43207a\" data-id=\"d43207a\" data-element_type=\"column\" data-e-type=\"column\">\n\t\t\t<div class=\"elementor-widget-wrap elementor-element-populated\">\n\t\t\t\t\t\t<div class=\"elementor-element elementor-element-5b0f3a9 elementor-widget elementor-widget-heading\" data-id=\"5b0f3a9\" data-element_type=\"widget\" data-e-type=\"widget\" data-widget_type=\"heading.default\">\n\t\t\t\t<div class=\"elementor-widget-container\">\n\t\t\t\t\t<h2 class=\"elementor-heading-title elementor-size-default\">Montreal<\/h2>\t\t\t\t<\/div>\n\t\t\t\t<\/div>\n\t\t\t\t<div class=\"elementor-element elementor-element-d1f50d6 elementor-widget elementor-widget-heading\" data-id=\"d1f50d6\" data-element_type=\"widget\" data-e-type=\"widget\" data-widget_type=\"heading.default\">\n\t\t\t\t<div class=\"elementor-widget-container\">\n\t\t\t\t\t<h2 class=\"elementor-heading-title elementor-size-default\">1575 boul. Henri-Bourassa O. <br>Suite 150<br>Montreal (Qc) H3M 3A9<br>514 331-8212<\/h2>\t\t\t\t<\/div>\n\t\t\t\t<\/div>\n\t\t\t\t<div class=\"elementor-element elementor-element-321157b elementor-widget elementor-widget-text-editor\" data-id=\"321157b\" data-element_type=\"widget\" data-e-type=\"widget\" data-widget_type=\"text-editor.default\">\n\t\t\t\t<div class=\"elementor-widget-container\">\n\t\t\t\t\t\t\t\t\t<p style=\"text-align: left;\"><img decoding=\"async\" class=\"size-full wp-image-92 alignleft\" src=\"https:\/\/radiologiesmbb.com\/wp-content\/uploads\/2022\/04\/Horraire.png\" alt=\"\" width=\"203\" height=\"144\" \/><\/p>\t\t\t\t\t\t\t\t<\/div>\n\t\t\t\t<\/div>\n\t\t\t\t\t<\/div>\n\t\t<\/div>\n\t\t\t\t\t<\/div>\n\t\t<\/section>\n\t\t\t\t<section class=\"elementor-section elementor-inner-section elementor-element elementor-element-fc1697d elementor-section-boxed elementor-section-height-default elementor-section-height-default\" data-id=\"fc1697d\" data-element_type=\"section\" data-e-type=\"section\">\n\t\t\t\t\t\t<div class=\"elementor-container elementor-column-gap-default\">\n\t\t\t\t\t<div class=\"elementor-column elementor-col-100 elementor-inner-column elementor-element elementor-element-c2c8e50\" data-id=\"c2c8e50\" data-element_type=\"column\" data-e-type=\"column\">\n\t\t\t<div class=\"elementor-widget-wrap elementor-element-populated\">\n\t\t\t\t\t\t<div class=\"elementor-element elementor-element-b367871 elementor-widget elementor-widget-heading\" data-id=\"b367871\" data-element_type=\"widget\" data-e-type=\"widget\" data-widget_type=\"heading.default\">\n\t\t\t\t<div class=\"elementor-widget-container\">\n\t\t\t\t\t<h2 class=\"elementor-heading-title elementor-size-default\">Laval<\/h2>\t\t\t\t<\/div>\n\t\t\t\t<\/div>\n\t\t\t\t<div class=\"elementor-element elementor-element-8eb91ff elementor-widget elementor-widget-heading\" data-id=\"8eb91ff\" data-element_type=\"widget\" data-e-type=\"widget\" data-widget_type=\"heading.default\">\n\t\t\t\t<div class=\"elementor-widget-container\">\n\t\t\t\t\t<h2 class=\"elementor-heading-title elementor-size-default\">1435 boul. St-Martin O. <br>Suite 101\n<br>Laval (QC) H7S 2C6\n<br>514 331-8212<\/h2>\t\t\t\t<\/div>\n\t\t\t\t<\/div>\n\t\t\t\t<div class=\"elementor-element elementor-element-242b803 elementor-widget elementor-widget-text-editor\" data-id=\"242b803\" data-element_type=\"widget\" data-e-type=\"widget\" data-widget_type=\"text-editor.default\">\n\t\t\t\t<div class=\"elementor-widget-container\">\n\t\t\t\t\t\t\t\t\t<p style=\"text-align: left;\"><img decoding=\"async\" class=\"size-full wp-image-92 alignleft\" src=\"https:\/\/radiologiesmbb.com\/wp-content\/uploads\/2022\/04\/Horraire.png\" alt=\"\" width=\"203\" height=\"144\" \/><\/p>\t\t\t\t\t\t\t\t<\/div>\n\t\t\t\t<\/div>\n\t\t\t\t<div class=\"elementor-element elementor-element-58c6374 elementor-widget elementor-widget-text-editor\" data-id=\"58c6374\" data-element_type=\"widget\" data-e-type=\"widget\" data-widget_type=\"text-editor.default\">\n\t\t\t\t<div class=\"elementor-widget-container\">\n\t\t\t\t\t\t\t\t\t<p><img decoding=\"async\" class=\"alignnone size-full wp-image-93\" src=\"https:\/\/radiologiesmbb.com\/wp-content\/uploads\/2022\/04\/Horraire-1.png\" alt=\"\" width=\"201\" height=\"213\" \/><\/p>\t\t\t\t\t\t\t\t<\/div>\n\t\t\t\t<\/div>\n\t\t\t\t\t<\/div>\n\t\t<\/div>\n\t\t\t\t\t<\/div>\n\t\t<\/section>\n\t\t\t\t\t<\/div>\n\t\t<\/div>\n\t\t\t\t\t<\/div>\n\t\t<\/section>\n\t\t\t\t<\/div>","protected":false},"excerpt":{"rendered":"<p>Nos services La R\u00e9gie de l\u2019asssurance maladie du Qu\u00e9bec (RAMQ) d\u00e9fraie les co\u00fbts associ\u00e9s \u00e0 la mammographie, \u00e0 la radiographie et \u00e0 l\u2019ost\u00e9odensitom\u00e9trie seulement. Mammographie de d\u00e9pistage et diagnostique Nos deux cliniques, Radiologie St-Martin et Radiologie Bois-de-Boulogne, sont des centres agr\u00e9\u00e9s par l\u2019Association Canadienne des Radiologistes\u00a0et d\u00e9sign\u00e9s par le Minist\u00e8re de la Sant\u00e9 pour le [&hellip;]<\/p>\n","protected":false},"author":1,"featured_media":0,"parent":0,"menu_order":0,"comment_status":"closed","ping_status":"closed","template":"","meta":{"om_disable_all_campaigns":false,"_monsterinsights_skip_tracking":false,"_monsterinsights_sitenote_active":false,"_monsterinsights_sitenote_note":"","_monsterinsights_sitenote_category":0,"_uf_show_specific_survey":0,"_uf_disable_surveys":false,"iawp_total_views":22632,"footnotes":""},"class_list":["post-28","page","type-page","status-publish","hentry"],"aioseo_notices":[],"_links":{"self":[{"href":"https:\/\/radiologiesmbb.com\/en\/wp-json\/wp\/v2\/pages\/28","targetHints":{"allow":["GET"]}}],"collection":[{"href":"https:\/\/radiologiesmbb.com\/en\/wp-json\/wp\/v2\/pages"}],"about":[{"href":"https:\/\/radiologiesmbb.com\/en\/wp-json\/wp\/v2\/types\/page"}],"author":[{"embeddable":true,"href":"https:\/\/radiologiesmbb.com\/en\/wp-json\/wp\/v2\/users\/1"}],"replies":[{"embeddable":true,"href":"https:\/\/radiologiesmbb.com\/en\/wp-json\/wp\/v2\/comments?post=28"}],"version-history":[{"count":7,"href":"https:\/\/radiologiesmbb.com\/en\/wp-json\/wp\/v2\/pages\/28\/revisions"}],"predecessor-version":[{"id":96,"href":"https:\/\/radiologiesmbb.com\/en\/wp-json\/wp\/v2\/pages\/28\/revisions\/96"}],"wp:attachment":[{"href":"https:\/\/radiologiesmbb.com\/en\/wp-json\/wp\/v2\/media?parent=28"}],"curies":[{"name":"wp","href":"https:\/\/api.w.org\/{rel}","templated":true}]}}