{"id":32,"date":"2022-04-28T11:56:26","date_gmt":"2022-04-28T11:56:26","guid":{"rendered":"https:\/\/radiologiesmbb.com\/?page_id=32"},"modified":"2022-04-28T14:50:27","modified_gmt":"2022-04-28T14:50:27","slug":"votre-examen","status":"publish","type":"page","link":"https:\/\/radiologiesmbb.com\/en\/votre-examen\/","title":{"rendered":"Your exam"},"content":{"rendered":"<div data-elementor-type=\"wp-page\" data-elementor-id=\"32\" class=\"elementor elementor-32\" data-elementor-post-type=\"page\">\n\t\t\t\t\t\t<section class=\"elementor-section elementor-top-section elementor-element elementor-element-ae465ac elementor-section-boxed elementor-section-height-default elementor-section-height-default\" data-id=\"ae465ac\" data-element_type=\"section\" data-e-type=\"section\">\n\t\t\t\t\t\t<div class=\"elementor-container elementor-column-gap-default\">\n\t\t\t\t\t<div class=\"elementor-column elementor-col-50 elementor-top-column elementor-element elementor-element-b030469\" data-id=\"b030469\" data-element_type=\"column\" data-e-type=\"column\">\n\t\t\t<div class=\"elementor-widget-wrap elementor-element-populated\">\n\t\t\t\t\t\t<div class=\"elementor-element elementor-element-bbc8377 elementor-position-right elementor-vertical-align-top elementor-widget elementor-widget-image-box\" data-id=\"bbc8377\" data-element_type=\"widget\" data-e-type=\"widget\" data-widget_type=\"image-box.default\">\n\t\t\t\t<div class=\"elementor-widget-container\">\n\t\t\t\t\t<div class=\"elementor-image-box-wrapper\"><figure class=\"elementor-image-box-img\"><a href=\"https:\/\/radiologiesmbb.com\/en\/votre-examen\/mammographie\/\" tabindex=\"-1\"><img decoding=\"async\" width=\"150\" height=\"150\" src=\"https:\/\/radiologiesmbb.com\/wp-content\/uploads\/2022\/04\/Capture-decran-2012-10-26-13.39.19-150x150-1.png\" class=\"attachment-full size-full wp-image-107\" alt=\"\" \/><\/a><\/figure><div class=\"elementor-image-box-content\"><h3 class=\"elementor-image-box-title\"><a href=\"https:\/\/radiologiesmbb.com\/en\/votre-examen\/mammographie\/\">Screening and diagnostic mammography<\/a><\/h3><p class=\"elementor-image-box-description\">A mammogram involves taking an X-ray image of the breast. This is a leading examination for screening for breast cancer. It allows early detection of cancer, which reduces mortality.\n<br><br>\nTo do this, during the examination, the breast is compressed between two plates, which spreads the breast tissue. An x-ray is then taken. Changes can be observed when there is a potentially neoplastic lesion.<\/p><\/div><\/div>\t\t\t\t<\/div>\n\t\t\t\t<\/div>\n\t\t\t\t<div class=\"elementor-element elementor-element-6ac41cc elementor-position-right elementor-vertical-align-top elementor-widget elementor-widget-image-box\" data-id=\"6ac41cc\" data-element_type=\"widget\" data-e-type=\"widget\" data-widget_type=\"image-box.default\">\n\t\t\t\t<div class=\"elementor-widget-container\">\n\t\t\t\t\t<div class=\"elementor-image-box-wrapper\"><figure class=\"elementor-image-box-img\"><a href=\"https:\/\/radiologiesmbb.com\/en\/votre-examen\/arthrographie-infiltration\/\" tabindex=\"-1\"><img decoding=\"async\" width=\"150\" height=\"150\" src=\"https:\/\/radiologiesmbb.com\/wp-content\/uploads\/2022\/04\/arthro_epaule_401-150x150-1.jpg\" class=\"attachment-full size-full wp-image-105\" alt=\"\" \/><\/a><\/figure><div class=\"elementor-image-box-content\"><h3 class=\"elementor-image-box-title\"><a href=\"https:\/\/radiologiesmbb.com\/en\/votre-examen\/arthrographie-infiltration\/\">Diagnostic arthrography<\/a><\/h3><p class=\"elementor-image-box-description\">Arthrography is an X-ray examination that involves injecting dye into a joint followed by X-rays.\n<br><br>\nThe patient is lying down, the radiologist applies local anesthesia and then guides his needle with the X-rays until it reaches the correct position. The duration of arthrograms is often less than 15 minutes.<\/p><\/div><\/div>\t\t\t\t<\/div>\n\t\t\t\t<\/div>\n\t\t\t\t<div class=\"elementor-element elementor-element-7a38558 elementor-position-right elementor-vertical-align-top elementor-widget elementor-widget-image-box\" data-id=\"7a38558\" data-element_type=\"widget\" data-e-type=\"widget\" data-widget_type=\"image-box.default\">\n\t\t\t\t<div class=\"elementor-widget-container\">\n\t\t\t\t\t<div class=\"elementor-image-box-wrapper\"><figure class=\"elementor-image-box-img\"><a href=\"https:\/\/radiologiesmbb.com\/en\/votre-examen\/arthrographie-infiltration\/\" tabindex=\"-1\"><img decoding=\"async\" width=\"150\" height=\"150\" src=\"https:\/\/radiologiesmbb.com\/wp-content\/uploads\/2022\/04\/arthro_genou401-150x150-1.jpg\" class=\"attachment-full size-full wp-image-109\" alt=\"\" \/><\/a><\/figure><div class=\"elementor-image-box-content\"><h3 class=\"elementor-image-box-title\"><a href=\"https:\/\/radiologiesmbb.com\/en\/votre-examen\/arthrographie-infiltration\/\">Joint infiltration<\/a><\/h3><p class=\"elementor-image-box-description\">An infiltration consists of injecting a drug. Most often it is cortisone.\n<br><br>\nSeveral infiltrations can be done by the attending physician at his office, but when certain points to be infiltrated are too deep or too difficult to access, guidance becomes necessary and radiologists can offer this service.<\/p><\/div><\/div>\t\t\t\t<\/div>\n\t\t\t\t<\/div>\n\t\t\t\t<div class=\"elementor-element elementor-element-65908c6 elementor-position-right elementor-vertical-align-top elementor-widget elementor-widget-image-box\" data-id=\"65908c6\" data-element_type=\"widget\" data-e-type=\"widget\" data-widget_type=\"image-box.default\">\n\t\t\t\t<div class=\"elementor-widget-container\">\n\t\t\t\t\t<div class=\"elementor-image-box-wrapper\"><figure class=\"elementor-image-box-img\"><a href=\"https:\/\/radiologiesmbb.com\/en\/votre-examen\/resonance-magnetique\/\" tabindex=\"-1\"><img loading=\"lazy\" decoding=\"async\" width=\"150\" height=\"150\" src=\"https:\/\/radiologiesmbb.com\/wp-content\/uploads\/2022\/04\/cerveau201-150x150-1.jpg\" class=\"attachment-full size-full wp-image-108\" alt=\"\" \/><\/a><\/figure><div class=\"elementor-image-box-content\"><h3 class=\"elementor-image-box-title\"><a href=\"https:\/\/radiologiesmbb.com\/en\/votre-examen\/resonance-magnetique\/\">Magnetic resonance imaging<\/a><\/h3><p class=\"elementor-image-box-description\">Magnetic resonance is a medical imaging examination that uses an electromagnetic field and radio frequencies to obtain extremely precise images of the various structures of the human body.\n<br><br>\nFor this, the human body must be in an environment where there is a magnetic field.<\/p><\/div><\/div>\t\t\t\t<\/div>\n\t\t\t\t<\/div>\n\t\t\t\t\t<\/div>\n\t\t<\/div>\n\t\t\t\t<div class=\"elementor-column elementor-col-50 elementor-top-column elementor-element elementor-element-ab313f6\" data-id=\"ab313f6\" data-element_type=\"column\" data-e-type=\"column\">\n\t\t\t<div class=\"elementor-widget-wrap elementor-element-populated\">\n\t\t\t\t\t\t<div class=\"elementor-element elementor-element-35bfb6c elementor-position-right elementor-vertical-align-top elementor-widget elementor-widget-image-box\" data-id=\"35bfb6c\" data-element_type=\"widget\" data-e-type=\"widget\" data-widget_type=\"image-box.default\">\n\t\t\t\t<div class=\"elementor-widget-container\">\n\t\t\t\t\t<div class=\"elementor-image-box-wrapper\"><figure class=\"elementor-image-box-img\"><a href=\"https:\/\/radiologiesmbb.com\/en\/votre-examen\/echographie\/\" tabindex=\"-1\"><img loading=\"lazy\" decoding=\"async\" width=\"150\" height=\"150\" src=\"https:\/\/radiologiesmbb.com\/wp-content\/uploads\/2022\/04\/foetal-150x150-1.jpg\" class=\"attachment-full size-full wp-image-106\" alt=\"\" \/><\/a><\/figure><div class=\"elementor-image-box-content\"><h3 class=\"elementor-image-box-title\"><a href=\"https:\/\/radiologiesmbb.com\/en\/votre-examen\/echographie\/\">General and specialized ultrasound<\/a><\/h3><p class=\"elementor-image-box-description\">Ultrasound is a non-invasive and non-irradiating imaging technique that studies the propagation of ultrasound targeted at a particular part of the body.\n<br><br>\nThis examination makes it possible to visualize the soft tissues of the body such as the liver, the spleen, the kidney or the heart. The probe sends ultrasounds of different frequencies to the tissues of the body which will reflect part of these waves.<\/p><\/div><\/div>\t\t\t\t<\/div>\n\t\t\t\t<\/div>\n\t\t\t\t<div class=\"elementor-element elementor-element-af09f9b elementor-vertical-align-top elementor-widget elementor-widget-image-box\" data-id=\"af09f9b\" data-element_type=\"widget\" data-e-type=\"widget\" data-widget_type=\"image-box.default\">\n\t\t\t\t<div class=\"elementor-widget-container\">\n\t\t\t\t\t<div class=\"elementor-image-box-wrapper\"><div class=\"elementor-image-box-content\"><h3 class=\"elementor-image-box-title\"><a href=\"https:\/\/radiologiesmbb.com\/en\/votre-examen\/osteodensitometire\/\">Bone densitometry<\/a><\/h3><p class=\"elementor-image-box-description\">Bone densitometry is a 20-minute test that measures your body&#039;s bone mass. Your doctor uses the results to help in his choice of treatment when there is a risk of fracture.<\/p><\/div><\/div>\t\t\t\t<\/div>\n\t\t\t\t<\/div>\n\t\t\t\t<div class=\"elementor-element elementor-element-c3e7cd1 elementor-position-right elementor-vertical-align-top elementor-widget elementor-widget-image-box\" data-id=\"c3e7cd1\" data-element_type=\"widget\" data-e-type=\"widget\" data-widget_type=\"image-box.default\">\n\t\t\t\t<div class=\"elementor-widget-container\">\n\t\t\t\t\t<div class=\"elementor-image-box-wrapper\"><figure class=\"elementor-image-box-img\"><a href=\"https:\/\/radiologiesmbb.com\/en\/votre-examen\/radiographie\/\" tabindex=\"-1\"><img loading=\"lazy\" decoding=\"async\" width=\"150\" height=\"150\" src=\"https:\/\/radiologiesmbb.com\/wp-content\/uploads\/2022\/04\/Main-150x150-1.png\" class=\"attachment-full size-full wp-image-104\" alt=\"\" \/><\/a><\/figure><div class=\"elementor-image-box-content\"><h3 class=\"elementor-image-box-title\"><a href=\"https:\/\/radiologiesmbb.com\/en\/votre-examen\/radiographie\/\">General and dental radiography<\/a><\/h3><p class=\"elementor-image-box-description\">General radiography involves taking images of the internal structures of the body using X-rays.\n<br><br>\n\nIt is a first-line examination that is quick to perform. Plain x-rays are painless and do not require preparation.<br><br>\nThey are performed by professionals in a controlled environment to ensure your safety.<\/p><\/div><\/div>\t\t\t\t<\/div>\n\t\t\t\t<\/div>\n\t\t\t\t\t<\/div>\n\t\t<\/div>\n\t\t\t\t\t<\/div>\n\t\t<\/section>\n\t\t\t\t<\/div>","protected":false},"excerpt":{"rendered":"<p>Mammographie de d\u00e9pistage et diagnostique Une mammographie consiste \u00e0 prendre une image radiographique du sein. Il s\u2019agit d\u2019un examen de premier plan pour le d\u00e9pistage du cancer du sein. Elle permet une d\u00e9tection pr\u00e9coce du cancer, ce qui en diminue la mortalit\u00e9. Pour se faire, lors de l\u2019examen, le sein est comprim\u00e9 entre deux plaques, [&hellip;]<\/p>\n","protected":false},"author":1,"featured_media":0,"parent":0,"menu_order":0,"comment_status":"closed","ping_status":"closed","template":"","meta":{"om_disable_all_campaigns":false,"_monsterinsights_skip_tracking":false,"_monsterinsights_sitenote_active":false,"_monsterinsights_sitenote_note":"","_monsterinsights_sitenote_category":0,"_uf_show_specific_survey":0,"_uf_disable_surveys":false,"iawp_total_views":7207,"footnotes":""},"class_list":["post-32","page","type-page","status-publish","hentry"],"aioseo_notices":[],"_links":{"self":[{"href":"https:\/\/radiologiesmbb.com\/en\/wp-json\/wp\/v2\/pages\/32","targetHints":{"allow":["GET"]}}],"collection":[{"href":"https:\/\/radiologiesmbb.com\/en\/wp-json\/wp\/v2\/pages"}],"about":[{"href":"https:\/\/radiologiesmbb.com\/en\/wp-json\/wp\/v2\/types\/page"}],"author":[{"embeddable":true,"href":"https:\/\/radiologiesmbb.com\/en\/wp-json\/wp\/v2\/users\/1"}],"replies":[{"embeddable":true,"href":"https:\/\/radiologiesmbb.com\/en\/wp-json\/wp\/v2\/comments?post=32"}],"version-history":[{"count":4,"href":"https:\/\/radiologiesmbb.com\/en\/wp-json\/wp\/v2\/pages\/32\/revisions"}],"predecessor-version":[{"id":112,"href":"https:\/\/radiologiesmbb.com\/en\/wp-json\/wp\/v2\/pages\/32\/revisions\/112"}],"wp:attachment":[{"href":"https:\/\/radiologiesmbb.com\/en\/wp-json\/wp\/v2\/media?parent=32"}],"curies":[{"name":"wp","href":"https:\/\/api.w.org\/{rel}","templated":true}]}}