{"id":34,"date":"2022-04-28T11:57:19","date_gmt":"2022-04-28T11:57:19","guid":{"rendered":"https:\/\/radiologiesmbb.com\/?page_id=34"},"modified":"2022-04-28T14:58:00","modified_gmt":"2022-04-28T14:58:00","slug":"mammographie","status":"publish","type":"page","link":"https:\/\/radiologiesmbb.com\/en\/votre-examen\/mammographie\/","title":{"rendered":"Mammography"},"content":{"rendered":"<div data-elementor-type=\"wp-page\" data-elementor-id=\"34\" class=\"elementor elementor-34\" data-elementor-post-type=\"page\">\n\t\t\t\t\t\t<section class=\"elementor-section elementor-top-section elementor-element elementor-element-421f8c3 elementor-section-boxed elementor-section-height-default elementor-section-height-default\" data-id=\"421f8c3\" data-element_type=\"section\" data-e-type=\"section\">\n\t\t\t\t\t\t<div class=\"elementor-container elementor-column-gap-default\">\n\t\t\t\t\t<div class=\"elementor-column elementor-col-66 elementor-top-column elementor-element elementor-element-58f8e7d\" data-id=\"58f8e7d\" data-element_type=\"column\" data-e-type=\"column\">\n\t\t\t<div class=\"elementor-widget-wrap elementor-element-populated\">\n\t\t\t\t\t\t<div class=\"elementor-element elementor-element-90735de elementor-widget elementor-widget-heading\" data-id=\"90735de\" data-element_type=\"widget\" data-e-type=\"widget\" data-widget_type=\"heading.default\">\n\t\t\t\t<div class=\"elementor-widget-container\">\n\t\t\t\t\t<h2 class=\"elementor-heading-title elementor-size-default\">Screening and diagnostic mammography<\/h2>\t\t\t\t<\/div>\n\t\t\t\t<\/div>\n\t\t\t\t<section class=\"elementor-section elementor-inner-section elementor-element elementor-element-6d853a9 elementor-section-boxed elementor-section-height-default elementor-section-height-default\" data-id=\"6d853a9\" data-element_type=\"section\" data-e-type=\"section\">\n\t\t\t\t\t\t<div class=\"elementor-container elementor-column-gap-default\">\n\t\t\t\t\t<div class=\"elementor-column elementor-col-50 elementor-inner-column elementor-element elementor-element-d50dd9a\" data-id=\"d50dd9a\" data-element_type=\"column\" data-e-type=\"column\">\n\t\t\t<div class=\"elementor-widget-wrap elementor-element-populated\">\n\t\t\t\t\t\t<div class=\"elementor-element elementor-element-60b5c1a elementor-widget elementor-widget-text-editor\" data-id=\"60b5c1a\" data-element_type=\"widget\" data-e-type=\"widget\" data-widget_type=\"text-editor.default\">\n\t\t\t\t<div class=\"elementor-widget-container\">\n\t\t\t\t\t\t\t\t\t<p>A mammogram involves taking an X-ray image of the breast. This is a leading examination for screening for breast cancer. It allows early detection of cancer, which reduces mortality.<\/p><p>To do this, during the examination, the breast is compressed between two plates, which spreads the breast tissue. An x-ray is then taken. Changes can be observed when there is a potentially neoplastic lesion.<\/p>\t\t\t\t\t\t\t\t<\/div>\n\t\t\t\t<\/div>\n\t\t\t\t\t<\/div>\n\t\t<\/div>\n\t\t\t\t<div class=\"elementor-column elementor-col-50 elementor-inner-column elementor-element elementor-element-ff9c4a8\" data-id=\"ff9c4a8\" data-element_type=\"column\" data-e-type=\"column\">\n\t\t\t<div class=\"elementor-widget-wrap elementor-element-populated\">\n\t\t\t\t\t\t<div class=\"elementor-element elementor-element-cd2b89e elementor-widget elementor-widget-image\" data-id=\"cd2b89e\" data-element_type=\"widget\" data-e-type=\"widget\" data-widget_type=\"image.default\">\n\t\t\t\t<div class=\"elementor-widget-container\">\n\t\t\t\t\t\t\t\t\t\t\t\t\t\t\t<img decoding=\"async\" width=\"150\" height=\"150\" src=\"https:\/\/radiologiesmbb.com\/wp-content\/uploads\/2022\/04\/Capture-decran-2012-10-26-13.39.19-150x150-1.png\" class=\"attachment-full size-full wp-image-107\" alt=\"\" \/>\t\t\t\t\t\t\t\t\t\t\t\t\t\t\t<\/div>\n\t\t\t\t<\/div>\n\t\t\t\t\t<\/div>\n\t\t<\/div>\n\t\t\t\t\t<\/div>\n\t\t<\/section>\n\t\t\t\t<div class=\"elementor-element elementor-element-ac514b0 elementor-widget elementor-widget-text-editor\" data-id=\"ac514b0\" data-element_type=\"widget\" data-e-type=\"widget\" data-widget_type=\"text-editor.default\">\n\t\t\t\t<div class=\"elementor-widget-container\">\n\t\t\t\t\t\t\t\t\t<p>Moreover, in the context of screening, it is important to specify that a positive mammogram does not necessarily mean that you have breast cancer. Indeed, only about one in 10 women with a positive mammogram suffers from a cancerous tumor. So, in the event of a positive test, you must follow the recommendations of your doctor.<\/p>\t\t\t\t\t\t\t\t<\/div>\n\t\t\t\t<\/div>\n\t\t\t\t<div class=\"elementor-element elementor-element-4118949 elementor-widget elementor-widget-heading\" data-id=\"4118949\" data-element_type=\"widget\" data-e-type=\"widget\" data-widget_type=\"heading.default\">\n\t\t\t\t<div class=\"elementor-widget-container\">\n\t\t\t\t\t<h2 class=\"elementor-heading-title elementor-size-default\">Preparing for your exam<\/h2>\t\t\t\t<\/div>\n\t\t\t\t<\/div>\n\t\t\t\t<div class=\"elementor-element elementor-element-4d22915 elementor-widget elementor-widget-text-editor\" data-id=\"4d22915\" data-element_type=\"widget\" data-e-type=\"widget\" data-widget_type=\"text-editor.default\">\n\t\t\t\t<div class=\"elementor-widget-container\">\n\t\t\t\t\t\t\t\t\t<ul><li>Make an appointment within 10 days of the start of your period or when your breasts are least tender.<\/li><li>Avoid coffee, tea, chocolate, wine and cola a few days before the exam and drink plenty of water to reduce breast tenderness.<\/li><li>Do not wear powder, cream, perfume or deodorant on the day of the exam.<\/li><li>Prior to the exam, please remove any jewelry that may interfere with the exam.<\/li><li>If you have had a mammogram within the past five years, bring the images and reports with you the day of your exam. This is required for comparison purposes.<\/li><li>Finally, if you are pregnant, as with all radiological examinations, please tell your doctor and the technologist who will have you undergo the examination.<\/li><\/ul>\t\t\t\t\t\t\t\t<\/div>\n\t\t\t\t<\/div>\n\t\t\t\t\t<\/div>\n\t\t<\/div>\n\t\t\t\t<div class=\"elementor-column elementor-col-33 elementor-top-column elementor-element elementor-element-ab64696\" data-id=\"ab64696\" data-element_type=\"column\" data-e-type=\"column\">\n\t\t\t<div class=\"elementor-widget-wrap elementor-element-populated\">\n\t\t\t\t\t\t<div class=\"elementor-element elementor-element-567e165 elementor-widget elementor-widget-text-editor\" data-id=\"567e165\" data-element_type=\"widget\" data-e-type=\"widget\" data-widget_type=\"text-editor.default\">\n\t\t\t\t<div class=\"elementor-widget-container\">\n\t\t\t\t\t\t\t\t\t<h5>Important<\/h5><div class=\"textwidget\"><p>If you have had a mammogram within the past five years, bring the images and reports with you the day of your exam. This is required for comparison purposes.<\/p><\/div>\t\t\t\t\t\t\t\t<\/div>\n\t\t\t\t<\/div>\n\t\t\t\t<div class=\"elementor-element elementor-element-e56e880 elementor-widget elementor-widget-heading\" data-id=\"e56e880\" data-element_type=\"widget\" data-e-type=\"widget\" data-widget_type=\"heading.default\">\n\t\t\t\t<div class=\"elementor-widget-container\">\n\t\t\t\t\t<h2 class=\"elementor-heading-title elementor-size-default\">Types of exams<\/h2>\t\t\t\t<\/div>\n\t\t\t\t<\/div>\n\t\t\t\t<div class=\"elementor-element elementor-element-0d07b7c elementor-widget elementor-widget-text-editor\" data-id=\"0d07b7c\" data-element_type=\"widget\" data-e-type=\"widget\" data-widget_type=\"text-editor.default\">\n\t\t\t\t<div class=\"elementor-widget-container\">\n\t\t\t\t\t\t\t\t\t<p><a href=\"http:\/\/7br.1f4.myftpupload.com\/examen\/mammographie\/\" aria-current=\"page\">Screening and diagnostic mammography<\/a><\/p><p><a href=\"http:\/\/7br.1f4.myftpupload.com\/examen\/arthrographie\/\">Diagnostic arthrography and joint infiltration<\/a><\/p><p><a href=\"http:\/\/7br.1f4.myftpupload.com\/examen\/resonance\/\">Magnetic resonance imaging<\/a><\/p><p><a href=\"http:\/\/7br.1f4.myftpupload.com\/examen\/echographie\/\">General and specialized ultrasound<\/a><\/p><p><a href=\"http:\/\/7br.1f4.myftpupload.com\/examen\/osteodensitometrie\/\">Bone densitometry<\/a><\/p><p><a href=\"http:\/\/7br.1f4.myftpupload.com\/examen\/radiographie\/\">General and dental radiography<\/a><\/p>\t\t\t\t\t\t\t\t<\/div>\n\t\t\t\t<\/div>\n\t\t\t\t\t<\/div>\n\t\t<\/div>\n\t\t\t\t\t<\/div>\n\t\t<\/section>\n\t\t\t\t<\/div>","protected":false},"excerpt":{"rendered":"<p>Mammographie de d\u00e9pistage et diagnostique Une mammographie consiste \u00e0 prendre une image radiographique du sein. Il s\u2019agit d\u2019un examen de premier plan pour le d\u00e9pistage du cancer du sein. Elle permet une d\u00e9tection pr\u00e9coce du cancer, ce qui en diminue la mortalit\u00e9. Pour se faire, lors de l\u2019examen, le sein est comprim\u00e9 entre deux plaques, [&hellip;]<\/p>\n","protected":false},"author":1,"featured_media":0,"parent":32,"menu_order":0,"comment_status":"closed","ping_status":"closed","template":"","meta":{"om_disable_all_campaigns":false,"_monsterinsights_skip_tracking":false,"_monsterinsights_sitenote_active":false,"_monsterinsights_sitenote_note":"","_monsterinsights_sitenote_category":0,"_uf_show_specific_survey":0,"_uf_disable_surveys":false,"iawp_total_views":4327,"footnotes":""},"class_list":["post-34","page","type-page","status-publish","hentry"],"aioseo_notices":[],"_links":{"self":[{"href":"https:\/\/radiologiesmbb.com\/en\/wp-json\/wp\/v2\/pages\/34","targetHints":{"allow":["GET"]}}],"collection":[{"href":"https:\/\/radiologiesmbb.com\/en\/wp-json\/wp\/v2\/pages"}],"about":[{"href":"https:\/\/radiologiesmbb.com\/en\/wp-json\/wp\/v2\/types\/page"}],"author":[{"embeddable":true,"href":"https:\/\/radiologiesmbb.com\/en\/wp-json\/wp\/v2\/users\/1"}],"replies":[{"embeddable":true,"href":"https:\/\/radiologiesmbb.com\/en\/wp-json\/wp\/v2\/comments?post=34"}],"version-history":[{"count":7,"href":"https:\/\/radiologiesmbb.com\/en\/wp-json\/wp\/v2\/pages\/34\/revisions"}],"predecessor-version":[{"id":118,"href":"https:\/\/radiologiesmbb.com\/en\/wp-json\/wp\/v2\/pages\/34\/revisions\/118"}],"up":[{"embeddable":true,"href":"https:\/\/radiologiesmbb.com\/en\/wp-json\/wp\/v2\/pages\/32"}],"wp:attachment":[{"href":"https:\/\/radiologiesmbb.com\/en\/wp-json\/wp\/v2\/media?parent=34"}],"curies":[{"name":"wp","href":"https:\/\/api.w.org\/{rel}","templated":true}]}}