{"id":36,"date":"2022-04-28T11:57:42","date_gmt":"2022-04-28T11:57:42","guid":{"rendered":"https:\/\/radiologiesmbb.com\/?page_id=36"},"modified":"2022-04-28T15:04:57","modified_gmt":"2022-04-28T15:04:57","slug":"arthrographie-infiltration","status":"publish","type":"page","link":"https:\/\/radiologiesmbb.com\/en\/votre-examen\/arthrographie-infiltration\/","title":{"rendered":"Arthrography \/ infiltration"},"content":{"rendered":"<div data-elementor-type=\"wp-page\" data-elementor-id=\"36\" class=\"elementor elementor-36\" data-elementor-post-type=\"page\">\n\t\t\t\t\t\t<section class=\"elementor-section elementor-top-section elementor-element elementor-element-2e72671 elementor-section-boxed elementor-section-height-default elementor-section-height-default\" data-id=\"2e72671\" data-element_type=\"section\" data-e-type=\"section\">\n\t\t\t\t\t\t<div class=\"elementor-container elementor-column-gap-default\">\n\t\t\t\t\t<div class=\"elementor-column elementor-col-33 elementor-top-column elementor-element elementor-element-b1f4de5\" data-id=\"b1f4de5\" data-element_type=\"column\" data-e-type=\"column\">\n\t\t\t<div class=\"elementor-widget-wrap elementor-element-populated\">\n\t\t\t\t\t\t<div class=\"elementor-element elementor-element-501ef5a elementor-widget elementor-widget-heading\" data-id=\"501ef5a\" data-element_type=\"widget\" data-e-type=\"widget\" data-widget_type=\"heading.default\">\n\t\t\t\t<div class=\"elementor-widget-container\">\n\t\t\t\t\t<h2 class=\"elementor-heading-title elementor-size-default\">Arthrography<\/h2>\t\t\t\t<\/div>\n\t\t\t\t<\/div>\n\t\t\t\t<div class=\"elementor-element elementor-element-cef97c8 elementor-widget elementor-widget-text-editor\" data-id=\"cef97c8\" data-element_type=\"widget\" data-e-type=\"widget\" data-widget_type=\"text-editor.default\">\n\t\t\t\t<div class=\"elementor-widget-container\">\n\t\t\t\t\t\t\t\t\t<p><img decoding=\"async\" class=\"wp-image-105 alignright\" src=\"https:\/\/radiologiesmbb.com\/wp-content\/uploads\/2022\/04\/arthro_epaule_401-150x150-1.jpg\" alt=\"\" width=\"134\" height=\"134\" \/><\/p><p>Arthrography is an X-ray examination that involves injecting dye into a joint followed by X-rays.<\/p><p>The patient is lying down, the radiologist applies local anesthesia and then guides his needle with the X-rays until it reaches the correct position. The duration of arthrograms is often less than 15 minutes.<\/p>\t\t\t\t\t\t\t\t<\/div>\n\t\t\t\t<\/div>\n\t\t\t\t<div class=\"elementor-element elementor-element-7df9d05 elementor-widget elementor-widget-heading\" data-id=\"7df9d05\" data-element_type=\"widget\" data-e-type=\"widget\" data-widget_type=\"heading.default\">\n\t\t\t\t<div class=\"elementor-widget-container\">\n\t\t\t\t\t<h2 class=\"elementor-heading-title elementor-size-default\">Goal:<\/h2>\t\t\t\t<\/div>\n\t\t\t\t<\/div>\n\t\t\t\t<div class=\"elementor-element elementor-element-30e501d elementor-widget elementor-widget-text-editor\" data-id=\"30e501d\" data-element_type=\"widget\" data-e-type=\"widget\" data-widget_type=\"text-editor.default\">\n\t\t\t\t<div class=\"elementor-widget-container\">\n\t\t\t\t\t\t\t\t\t<ul><li>Arthrography can help detect lesions of tendons, ligaments, or menisci that are not visible on dye-free x-rays<\/li><li>Arthrography can also be used to put medication (cortisone or other) at the precise location requested by the attending physician.<\/li><\/ul>\t\t\t\t\t\t\t\t<\/div>\n\t\t\t\t<\/div>\n\t\t\t\t<div class=\"elementor-element elementor-element-1856dcf elementor-widget elementor-widget-heading\" data-id=\"1856dcf\" data-element_type=\"widget\" data-e-type=\"widget\" data-widget_type=\"heading.default\">\n\t\t\t\t<div class=\"elementor-widget-container\">\n\t\t\t\t\t<h2 class=\"elementor-heading-title elementor-size-default\">Preparing for your exam<\/h2>\t\t\t\t<\/div>\n\t\t\t\t<\/div>\n\t\t\t\t<div class=\"elementor-element elementor-element-7c963bf elementor-widget elementor-widget-text-editor\" data-id=\"7c963bf\" data-element_type=\"widget\" data-e-type=\"widget\" data-widget_type=\"text-editor.default\">\n\t\t\t\t<div class=\"elementor-widget-container\">\n\t\t\t\t\t\t\t\t\t<ul><li>It is important to bring, during your examination, your images and reports of relevant examinations done elsewhere (X-rays, MRI, CT-Scan, Ultrasound), this is necessary for comparison purposes.<\/li><\/ul>\t\t\t\t\t\t\t\t<\/div>\n\t\t\t\t<\/div>\n\t\t\t\t\t<\/div>\n\t\t<\/div>\n\t\t\t\t<div class=\"elementor-column elementor-col-33 elementor-top-column elementor-element elementor-element-ebb2dee\" data-id=\"ebb2dee\" data-element_type=\"column\" data-e-type=\"column\">\n\t\t\t<div class=\"elementor-widget-wrap elementor-element-populated\">\n\t\t\t\t\t\t<div class=\"elementor-element elementor-element-b878438 elementor-widget elementor-widget-heading\" data-id=\"b878438\" data-element_type=\"widget\" data-e-type=\"widget\" data-widget_type=\"heading.default\">\n\t\t\t\t<div class=\"elementor-widget-container\">\n\t\t\t\t\t<h2 class=\"elementor-heading-title elementor-size-default\">Infiltration<\/h2>\t\t\t\t<\/div>\n\t\t\t\t<\/div>\n\t\t\t\t<div class=\"elementor-element elementor-element-e300f43 elementor-widget elementor-widget-text-editor\" data-id=\"e300f43\" data-element_type=\"widget\" data-e-type=\"widget\" data-widget_type=\"text-editor.default\">\n\t\t\t\t<div class=\"elementor-widget-container\">\n\t\t\t\t\t\t\t\t\t<p><img decoding=\"async\" class=\"wp-image-109  alignright\" src=\"https:\/\/radiologiesmbb.com\/wp-content\/uploads\/2022\/04\/arthro_genou401-150x150-1.jpg\" alt=\"\" width=\"139\" height=\"139\" \/><\/p><p>An infiltration consists of injecting a drug. Most often it is cortisone.<\/p><p>Several infiltrations can be done by the attending physician at his office, but when certain points to be infiltrated are too deep or too difficult to access, guidance becomes necessary and radiologists can offer this service.<\/p><p>The radiologist can infiltrate with\u00a0<strong>ultrasound guidance<\/strong>\u00a0or with\u00a0<strong>fluoroscopic guidance<\/strong>\u00a0(arthrography). The choice of the guiding method will be made according to the patient&#039;s problem.<\/p><p>Infiltrations are usually done in a lying or sitting position. The radiologist applies local anesthesia and guides his needle to the chosen position. Once in the right place, the drug is injected. The duration is usually less than 15 minutes.<\/p>\t\t\t\t\t\t\t\t<\/div>\n\t\t\t\t<\/div>\n\t\t\t\t<div class=\"elementor-element elementor-element-2eb1ab0 elementor-widget elementor-widget-heading\" data-id=\"2eb1ab0\" data-element_type=\"widget\" data-e-type=\"widget\" data-widget_type=\"heading.default\">\n\t\t\t\t<div class=\"elementor-widget-container\">\n\t\t\t\t\t<h2 class=\"elementor-heading-title elementor-size-default\">Preparation<\/h2>\t\t\t\t<\/div>\n\t\t\t\t<\/div>\n\t\t\t\t<div class=\"elementor-element elementor-element-d9cb991 elementor-widget elementor-widget-text-editor\" data-id=\"d9cb991\" data-element_type=\"widget\" data-e-type=\"widget\" data-widget_type=\"text-editor.default\">\n\t\t\t\t<div class=\"elementor-widget-container\">\n\t\t\t\t\t\t\t\t\t<ul><li>It is important to bring, during your examination, your images and reports of relevant examinations done elsewhere (X-rays, MRI, CT-Scan, Ultrasound), this is necessary for comparison purposes.<\/li><\/ul>\t\t\t\t\t\t\t\t<\/div>\n\t\t\t\t<\/div>\n\t\t\t\t<div class=\"elementor-element elementor-element-652f467 elementor-widget elementor-widget-heading\" data-id=\"652f467\" data-element_type=\"widget\" data-e-type=\"widget\" data-widget_type=\"heading.default\">\n\t\t\t\t<div class=\"elementor-widget-container\">\n\t\t\t\t\t<h2 class=\"elementor-heading-title elementor-size-default\">After infiltration or arthrography:<\/h2>\t\t\t\t<\/div>\n\t\t\t\t<\/div>\n\t\t\t\t<div class=\"elementor-element elementor-element-e440e8c elementor-widget elementor-widget-text-editor\" data-id=\"e440e8c\" data-element_type=\"widget\" data-e-type=\"widget\" data-widget_type=\"text-editor.default\">\n\t\t\t\t<div class=\"elementor-widget-container\">\n\t\t\t\t\t\t\t\t\t<ul><li>In the hours following the examination, discomfort may be felt at the puncture site<\/li><li>A few people will have pain (relieved by\u00a0<em>Tylenol<\/em>) for a day or two<\/li><\/ul>\t\t\t\t\t\t\t\t<\/div>\n\t\t\t\t<\/div>\n\t\t\t\t\t<\/div>\n\t\t<\/div>\n\t\t\t\t<div class=\"elementor-column elementor-col-33 elementor-top-column elementor-element elementor-element-4ac5b7a\" data-id=\"4ac5b7a\" data-element_type=\"column\" data-e-type=\"column\">\n\t\t\t<div class=\"elementor-widget-wrap elementor-element-populated\">\n\t\t\t\t\t\t<div class=\"elementor-element elementor-element-3dc0521 elementor-widget elementor-widget-text-editor\" data-id=\"3dc0521\" data-element_type=\"widget\" data-e-type=\"widget\" data-widget_type=\"text-editor.default\">\n\t\t\t\t<div class=\"elementor-widget-container\">\n\t\t\t\t\t\t\t\t\t<h5><strong>Information<\/strong><\/h5><div class=\"textwidget\"><p>It is important to bring, during your examination, your images and reports of relevant examinations done elsewhere (X-rays, MRI, CT-Scan, Ultrasound), this is necessary for comparison purposes.<\/p><\/div>\t\t\t\t\t\t\t\t<\/div>\n\t\t\t\t<\/div>\n\t\t\t\t<div class=\"elementor-element elementor-element-8a6f3ff elementor-widget elementor-widget-heading\" data-id=\"8a6f3ff\" data-element_type=\"widget\" data-e-type=\"widget\" data-widget_type=\"heading.default\">\n\t\t\t\t<div class=\"elementor-widget-container\">\n\t\t\t\t\t<h2 class=\"elementor-heading-title elementor-size-default\">Types of exams<\/h2>\t\t\t\t<\/div>\n\t\t\t\t<\/div>\n\t\t\t\t<div class=\"elementor-element elementor-element-890dee7 elementor-widget elementor-widget-text-editor\" data-id=\"890dee7\" data-element_type=\"widget\" data-e-type=\"widget\" data-widget_type=\"text-editor.default\">\n\t\t\t\t<div class=\"elementor-widget-container\">\n\t\t\t\t\t\t\t\t\t<p><a href=\"http:\/\/7br.1f4.myftpupload.com\/examen\/mammographie\/\" aria-current=\"page\">Screening and diagnostic mammography<\/a><\/p><p><a href=\"http:\/\/7br.1f4.myftpupload.com\/examen\/arthrographie\/\">Diagnostic arthrography and joint infiltration<\/a><\/p><p><a href=\"http:\/\/7br.1f4.myftpupload.com\/examen\/resonance\/\">Magnetic resonance imaging<\/a><\/p><p><a href=\"http:\/\/7br.1f4.myftpupload.com\/examen\/echographie\/\">General and specialized ultrasound<\/a><\/p><p><a href=\"http:\/\/7br.1f4.myftpupload.com\/examen\/osteodensitometrie\/\">Bone densitometry<\/a><\/p><p><a href=\"http:\/\/7br.1f4.myftpupload.com\/examen\/radiographie\/\">General and dental radiography<\/a><\/p>\t\t\t\t\t\t\t\t<\/div>\n\t\t\t\t<\/div>\n\t\t\t\t\t<\/div>\n\t\t<\/div>\n\t\t\t\t\t<\/div>\n\t\t<\/section>\n\t\t\t\t<\/div>","protected":false},"excerpt":{"rendered":"<p>L\u2019arthrographie L\u2019arthrographie est un examen radiologique qui consiste \u00e0 injecter du colorant dans une articulation suivi de la prise de radiographies. Le patient est couch\u00e9, le radiologiste fait une anesth\u00e9sie locale puis il guide son aiguille avec les rayons X jusqu\u2019\u00e0 ce qu\u2019il atteigne la position ad\u00e9quate. La dur\u00e9e des arthrographies est souvent inf\u00e9rieure \u00e0 [&hellip;]<\/p>\n","protected":false},"author":1,"featured_media":0,"parent":32,"menu_order":0,"comment_status":"closed","ping_status":"closed","template":"","meta":{"om_disable_all_campaigns":false,"_monsterinsights_skip_tracking":false,"_monsterinsights_sitenote_active":false,"_monsterinsights_sitenote_note":"","_monsterinsights_sitenote_category":0,"_uf_show_specific_survey":0,"_uf_disable_surveys":false,"iawp_total_views":2676,"footnotes":""},"class_list":["post-36","page","type-page","status-publish","hentry"],"aioseo_notices":[],"_links":{"self":[{"href":"https:\/\/radiologiesmbb.com\/en\/wp-json\/wp\/v2\/pages\/36","targetHints":{"allow":["GET"]}}],"collection":[{"href":"https:\/\/radiologiesmbb.com\/en\/wp-json\/wp\/v2\/pages"}],"about":[{"href":"https:\/\/radiologiesmbb.com\/en\/wp-json\/wp\/v2\/types\/page"}],"author":[{"embeddable":true,"href":"https:\/\/radiologiesmbb.com\/en\/wp-json\/wp\/v2\/users\/1"}],"replies":[{"embeddable":true,"href":"https:\/\/radiologiesmbb.com\/en\/wp-json\/wp\/v2\/comments?post=36"}],"version-history":[{"count":4,"href":"https:\/\/radiologiesmbb.com\/en\/wp-json\/wp\/v2\/pages\/36\/revisions"}],"predecessor-version":[{"id":121,"href":"https:\/\/radiologiesmbb.com\/en\/wp-json\/wp\/v2\/pages\/36\/revisions\/121"}],"up":[{"embeddable":true,"href":"https:\/\/radiologiesmbb.com\/en\/wp-json\/wp\/v2\/pages\/32"}],"wp:attachment":[{"href":"https:\/\/radiologiesmbb.com\/en\/wp-json\/wp\/v2\/media?parent=36"}],"curies":[{"name":"wp","href":"https:\/\/api.w.org\/{rel}","templated":true}]}}