{"id":38,"date":"2022-04-28T12:00:01","date_gmt":"2022-04-28T12:00:01","guid":{"rendered":"https:\/\/radiologiesmbb.com\/?page_id=38"},"modified":"2022-04-28T15:27:29","modified_gmt":"2022-04-28T15:27:29","slug":"resonance-magnetique","status":"publish","type":"page","link":"https:\/\/radiologiesmbb.com\/en\/votre-examen\/resonance-magnetique\/","title":{"rendered":"Magnetic resonance"},"content":{"rendered":"<div data-elementor-type=\"wp-page\" data-elementor-id=\"38\" class=\"elementor elementor-38\" data-elementor-post-type=\"page\">\n\t\t\t\t\t\t<section class=\"elementor-section elementor-top-section elementor-element elementor-element-228e49b elementor-section-boxed elementor-section-height-default elementor-section-height-default\" data-id=\"228e49b\" data-element_type=\"section\" data-e-type=\"section\">\n\t\t\t\t\t\t<div class=\"elementor-container elementor-column-gap-default\">\n\t\t\t\t\t<div class=\"elementor-column elementor-col-66 elementor-top-column elementor-element elementor-element-33e447a\" data-id=\"33e447a\" data-element_type=\"column\" data-e-type=\"column\">\n\t\t\t<div class=\"elementor-widget-wrap elementor-element-populated\">\n\t\t\t\t\t\t<div class=\"elementor-element elementor-element-3c77485 elementor-widget elementor-widget-heading\" data-id=\"3c77485\" data-element_type=\"widget\" data-e-type=\"widget\" data-widget_type=\"heading.default\">\n\t\t\t\t<div class=\"elementor-widget-container\">\n\t\t\t\t\t<h2 class=\"elementor-heading-title elementor-size-default\">Magnetic resonance imaging<\/h2>\t\t\t\t<\/div>\n\t\t\t\t<\/div>\n\t\t\t\t<section class=\"elementor-section elementor-inner-section elementor-element elementor-element-1e871e2 elementor-section-boxed elementor-section-height-default elementor-section-height-default\" data-id=\"1e871e2\" data-element_type=\"section\" data-e-type=\"section\">\n\t\t\t\t\t\t<div class=\"elementor-container elementor-column-gap-default\">\n\t\t\t\t\t<div class=\"elementor-column elementor-col-50 elementor-inner-column elementor-element elementor-element-c0c0fdc\" data-id=\"c0c0fdc\" data-element_type=\"column\" data-e-type=\"column\">\n\t\t\t<div class=\"elementor-widget-wrap elementor-element-populated\">\n\t\t\t\t\t\t<div class=\"elementor-element elementor-element-a0e4c2f elementor-widget elementor-widget-text-editor\" data-id=\"a0e4c2f\" data-element_type=\"widget\" data-e-type=\"widget\" data-widget_type=\"text-editor.default\">\n\t\t\t\t<div class=\"elementor-widget-container\">\n\t\t\t\t\t\t\t\t\t<p>Magnetic resonance is a medical imaging examination that uses an electromagnetic field and radio frequencies to obtain extremely precise images of the various structures of the human body.<\/p><p>For this, the human body must be in an environment where there is a magnetic field.<\/p><p>In fact, magnetic resonance makes it possible to visualize certain anatomical regions that computed tomography (CT-SCAN) would make it difficult to investigate, in particular the interior of the column, where the spinal cord is located, as well as the lower-posterior part of the brain. .<\/p>\t\t\t\t\t\t\t\t<\/div>\n\t\t\t\t<\/div>\n\t\t\t\t\t<\/div>\n\t\t<\/div>\n\t\t\t\t<div class=\"elementor-column elementor-col-50 elementor-inner-column elementor-element elementor-element-c8d3e35\" data-id=\"c8d3e35\" data-element_type=\"column\" data-e-type=\"column\">\n\t\t\t<div class=\"elementor-widget-wrap elementor-element-populated\">\n\t\t\t\t\t\t<div class=\"elementor-element elementor-element-104a2af elementor-widget elementor-widget-image\" data-id=\"104a2af\" data-element_type=\"widget\" data-e-type=\"widget\" data-widget_type=\"image.default\">\n\t\t\t\t<div class=\"elementor-widget-container\">\n\t\t\t\t\t\t\t\t\t\t\t\t\t\t\t<img decoding=\"async\" width=\"150\" height=\"150\" src=\"https:\/\/radiologiesmbb.com\/wp-content\/uploads\/2022\/04\/cerveau201-150x150-1.jpg\" class=\"attachment-full size-full wp-image-108\" alt=\"\" \/>\t\t\t\t\t\t\t\t\t\t\t\t\t\t\t<\/div>\n\t\t\t\t<\/div>\n\t\t\t\t\t<\/div>\n\t\t<\/div>\n\t\t\t\t\t<\/div>\n\t\t<\/section>\n\t\t\t\t<div class=\"elementor-element elementor-element-2a4a09e elementor-widget elementor-widget-text-editor\" data-id=\"2a4a09e\" data-element_type=\"widget\" data-e-type=\"widget\" data-widget_type=\"text-editor.default\">\n\t\t\t\t<div class=\"elementor-widget-container\">\n\t\t\t\t\t\t\t\t\t<p>Moreover, in the context of screening, it is important to specify that a positive mammogram does not necessarily mean that you have breast cancer. Indeed, only about one in 10 women with a positive mammogram suffers from a cancerous tumor. So, in the event of a positive test, you must follow the recommendations of your doctor.<\/p>\t\t\t\t\t\t\t\t<\/div>\n\t\t\t\t<\/div>\n\t\t\t\t<div class=\"elementor-element elementor-element-ed68aba elementor-widget elementor-widget-heading\" data-id=\"ed68aba\" data-element_type=\"widget\" data-e-type=\"widget\" data-widget_type=\"heading.default\">\n\t\t\t\t<div class=\"elementor-widget-container\">\n\t\t\t\t\t<h2 class=\"elementor-heading-title elementor-size-default\">General information<\/h2>\t\t\t\t<\/div>\n\t\t\t\t<\/div>\n\t\t\t\t<div class=\"elementor-element elementor-element-7a45157 elementor-widget elementor-widget-text-editor\" data-id=\"7a45157\" data-element_type=\"widget\" data-e-type=\"widget\" data-widget_type=\"text-editor.default\">\n\t\t\t\t<div class=\"elementor-widget-container\">\n\t\t\t\t\t\t\t\t\t<ul><li>MRI is the examination of choice to assess neurological problems (aneurysm, multiple sclerosis, spinal cord compression, trauma)<\/li><li>Evaluation of musculoskeletal problems (cyst, mass, cartilage evaluation, tear of ligaments or tendons)<\/li><li>Allows the surgeon to plan surgery based on location and extent of pathology<\/li><li>The radiologist may need to use contrast material during the examination.<\/li><\/ul>\t\t\t\t\t\t\t\t<\/div>\n\t\t\t\t<\/div>\n\t\t\t\t<div class=\"elementor-element elementor-element-7fe16a9 elementor-widget elementor-widget-heading\" data-id=\"7fe16a9\" data-element_type=\"widget\" data-e-type=\"widget\" data-widget_type=\"heading.default\">\n\t\t\t\t<div class=\"elementor-widget-container\">\n\t\t\t\t\t<h2 class=\"elementor-heading-title elementor-size-default\">Contraindications<\/h2>\t\t\t\t<\/div>\n\t\t\t\t<\/div>\n\t\t\t\t<div class=\"elementor-element elementor-element-0a900c5 elementor-widget elementor-widget-text-editor\" data-id=\"0a900c5\" data-element_type=\"widget\" data-e-type=\"widget\" data-widget_type=\"text-editor.default\">\n\t\t\t\t<div class=\"elementor-widget-container\">\n\t\t\t\t\t\t\t\t\t<p>For safety reasons, the patient is asked to fill in a questionnaire beforehand on the contraindications of the MRI examination which are:<\/p><ul><li>Wearing a pacemaker<\/li><li>Wearing a neurostimulator<\/li><li>Presence of metallic foreign bodies in the eye, an X-ray is mandatory<\/li><li>Aneurysm vascular staples implanted before 1983 (several are not made of titanium)<\/li><li>Wearing iron prostheses implanted before 1983<\/li><\/ul>\t\t\t\t\t\t\t\t<\/div>\n\t\t\t\t<\/div>\n\t\t\t\t<div class=\"elementor-element elementor-element-7b3f0d8 elementor-widget elementor-widget-heading\" data-id=\"7b3f0d8\" data-element_type=\"widget\" data-e-type=\"widget\" data-widget_type=\"heading.default\">\n\t\t\t\t<div class=\"elementor-widget-container\">\n\t\t\t\t\t<h2 class=\"elementor-heading-title elementor-size-default\">Preparing for your exam<\/h2>\t\t\t\t<\/div>\n\t\t\t\t<\/div>\n\t\t\t\t<div class=\"elementor-element elementor-element-fe358e4 elementor-widget elementor-widget-text-editor\" data-id=\"fe358e4\" data-element_type=\"widget\" data-e-type=\"widget\" data-widget_type=\"text-editor.default\">\n\t\t\t\t<div class=\"elementor-widget-container\">\n\t\t\t\t\t\t\t\t\t<ul><li>It is extremely important not to move during the examination.<\/li><li>It is important to bring, during your examination, your images and reports of relevant examinations done elsewhere (X-rays, MRI, CT-Scan, Ultrasound), this is necessary for comparison purposes.<\/li><li>If you are claustrophobic, that is to say that you are afraid in confined spaces, for example elevators, specify this to your doctor or when making an appointment so that you can be prescribed a relaxing medication. Being accompanied during your exam is therefore mandatory.<\/li><\/ul>\t\t\t\t\t\t\t\t<\/div>\n\t\t\t\t<\/div>\n\t\t\t\t\t<\/div>\n\t\t<\/div>\n\t\t\t\t<div class=\"elementor-column elementor-col-33 elementor-top-column elementor-element elementor-element-7557c1c\" data-id=\"7557c1c\" data-element_type=\"column\" data-e-type=\"column\">\n\t\t\t<div class=\"elementor-widget-wrap elementor-element-populated\">\n\t\t\t\t\t\t<div class=\"elementor-element elementor-element-c72bc19 elementor-widget elementor-widget-text-editor\" data-id=\"c72bc19\" data-element_type=\"widget\" data-e-type=\"widget\" data-widget_type=\"text-editor.default\">\n\t\t\t\t<div class=\"elementor-widget-container\">\n\t\t\t\t\t\t\t\t\t<h5>Information<\/h5><div class=\"textwidget\"><p>It is important to bring, during your examination, your images and reports of relevant examinations done elsewhere (X-rays, MRI, CT-Scan, Ultrasound), this is necessary for comparison purposes.<\/p><\/div>\t\t\t\t\t\t\t\t<\/div>\n\t\t\t\t<\/div>\n\t\t\t\t<div class=\"elementor-element elementor-element-7bb3119 elementor-widget elementor-widget-heading\" data-id=\"7bb3119\" data-element_type=\"widget\" data-e-type=\"widget\" data-widget_type=\"heading.default\">\n\t\t\t\t<div class=\"elementor-widget-container\">\n\t\t\t\t\t<h2 class=\"elementor-heading-title elementor-size-default\">Types of exams<\/h2>\t\t\t\t<\/div>\n\t\t\t\t<\/div>\n\t\t\t\t<div class=\"elementor-element elementor-element-9cac624 elementor-widget elementor-widget-text-editor\" data-id=\"9cac624\" data-element_type=\"widget\" data-e-type=\"widget\" data-widget_type=\"text-editor.default\">\n\t\t\t\t<div class=\"elementor-widget-container\">\n\t\t\t\t\t\t\t\t\t<p><a href=\"http:\/\/7br.1f4.myftpupload.com\/examen\/mammographie\/\" aria-current=\"page\">Screening and diagnostic mammography<\/a><\/p><p><a href=\"http:\/\/7br.1f4.myftpupload.com\/examen\/arthrographie\/\">Diagnostic arthrography and joint infiltration<\/a><\/p><p><a href=\"http:\/\/7br.1f4.myftpupload.com\/examen\/resonance\/\">Magnetic resonance imaging<\/a><\/p><p><a href=\"http:\/\/7br.1f4.myftpupload.com\/examen\/echographie\/\">General and specialized ultrasound<\/a><\/p><p><a href=\"http:\/\/7br.1f4.myftpupload.com\/examen\/osteodensitometrie\/\">Bone densitometry<\/a><\/p><p><a href=\"http:\/\/7br.1f4.myftpupload.com\/examen\/radiographie\/\">General and dental radiography<\/a><\/p>\t\t\t\t\t\t\t\t<\/div>\n\t\t\t\t<\/div>\n\t\t\t\t\t<\/div>\n\t\t<\/div>\n\t\t\t\t\t<\/div>\n\t\t<\/section>\n\t\t\t\t<\/div>","protected":false},"excerpt":{"rendered":"<p>Imagerie par r\u00e9sonance magn\u00e9tique La r\u00e9sonance magn\u00e9tique est un examen d\u2019imagerie m\u00e9dicale qui utilise un champ \u00e9lectromagn\u00e9tique et des radiofr\u00e9quences pour obtenir des images extr\u00eamement pr\u00e9cises des diff\u00e9rentes structures du corps humain. Pour cela, le corps humain doit \u00eatre dans un environnement o\u00f9 on retrouve un champ magn\u00e9tique. En fait, la r\u00e9sonance magn\u00e9tique permet de [&hellip;]<\/p>\n","protected":false},"author":1,"featured_media":0,"parent":32,"menu_order":0,"comment_status":"closed","ping_status":"closed","template":"","meta":{"om_disable_all_campaigns":false,"_monsterinsights_skip_tracking":false,"_monsterinsights_sitenote_active":false,"_monsterinsights_sitenote_note":"","_monsterinsights_sitenote_category":0,"_uf_show_specific_survey":0,"_uf_disable_surveys":false,"iawp_total_views":6495,"footnotes":""},"class_list":["post-38","page","type-page","status-publish","hentry"],"aioseo_notices":[],"_links":{"self":[{"href":"https:\/\/radiologiesmbb.com\/en\/wp-json\/wp\/v2\/pages\/38","targetHints":{"allow":["GET"]}}],"collection":[{"href":"https:\/\/radiologiesmbb.com\/en\/wp-json\/wp\/v2\/pages"}],"about":[{"href":"https:\/\/radiologiesmbb.com\/en\/wp-json\/wp\/v2\/types\/page"}],"author":[{"embeddable":true,"href":"https:\/\/radiologiesmbb.com\/en\/wp-json\/wp\/v2\/users\/1"}],"replies":[{"embeddable":true,"href":"https:\/\/radiologiesmbb.com\/en\/wp-json\/wp\/v2\/comments?post=38"}],"version-history":[{"count":7,"href":"https:\/\/radiologiesmbb.com\/en\/wp-json\/wp\/v2\/pages\/38\/revisions"}],"predecessor-version":[{"id":141,"href":"https:\/\/radiologiesmbb.com\/en\/wp-json\/wp\/v2\/pages\/38\/revisions\/141"}],"up":[{"embeddable":true,"href":"https:\/\/radiologiesmbb.com\/en\/wp-json\/wp\/v2\/pages\/32"}],"wp:attachment":[{"href":"https:\/\/radiologiesmbb.com\/en\/wp-json\/wp\/v2\/media?parent=38"}],"curies":[{"name":"wp","href":"https:\/\/api.w.org\/{rel}","templated":true}]}}