{"id":40,"date":"2022-04-28T12:00:21","date_gmt":"2022-04-28T12:00:21","guid":{"rendered":"https:\/\/radiologiesmbb.com\/?page_id=40"},"modified":"2022-04-28T15:10:46","modified_gmt":"2022-04-28T15:10:46","slug":"echographie","status":"publish","type":"page","link":"https:\/\/radiologiesmbb.com\/en\/votre-examen\/echographie\/","title":{"rendered":"Ultrasound"},"content":{"rendered":"<div data-elementor-type=\"wp-page\" data-elementor-id=\"40\" class=\"elementor elementor-40\" data-elementor-post-type=\"page\">\n\t\t\t\t\t\t<section class=\"elementor-section elementor-top-section elementor-element elementor-element-4c858a2 elementor-section-boxed elementor-section-height-default elementor-section-height-default\" data-id=\"4c858a2\" data-element_type=\"section\" data-e-type=\"section\">\n\t\t\t\t\t\t<div class=\"elementor-container elementor-column-gap-default\">\n\t\t\t\t\t<div class=\"elementor-column elementor-col-66 elementor-top-column elementor-element elementor-element-fbadb55\" data-id=\"fbadb55\" data-element_type=\"column\" data-e-type=\"column\">\n\t\t\t<div class=\"elementor-widget-wrap elementor-element-populated\">\n\t\t\t\t\t\t<div class=\"elementor-element elementor-element-e7b60ea elementor-widget elementor-widget-heading\" data-id=\"e7b60ea\" data-element_type=\"widget\" data-e-type=\"widget\" data-widget_type=\"heading.default\">\n\t\t\t\t<div class=\"elementor-widget-container\">\n\t\t\t\t\t<h2 class=\"elementor-heading-title elementor-size-default\">General and specialized ultrasound<\/h2>\t\t\t\t<\/div>\n\t\t\t\t<\/div>\n\t\t\t\t<section class=\"elementor-section elementor-inner-section elementor-element elementor-element-dc9fbd8 elementor-section-boxed elementor-section-height-default elementor-section-height-default\" data-id=\"dc9fbd8\" data-element_type=\"section\" data-e-type=\"section\">\n\t\t\t\t\t\t<div class=\"elementor-container elementor-column-gap-default\">\n\t\t\t\t\t<div class=\"elementor-column elementor-col-50 elementor-inner-column elementor-element elementor-element-c4a39bf\" data-id=\"c4a39bf\" data-element_type=\"column\" data-e-type=\"column\">\n\t\t\t<div class=\"elementor-widget-wrap elementor-element-populated\">\n\t\t\t\t\t\t<div class=\"elementor-element elementor-element-372eb05 elementor-widget elementor-widget-text-editor\" data-id=\"372eb05\" data-element_type=\"widget\" data-e-type=\"widget\" data-widget_type=\"text-editor.default\">\n\t\t\t\t<div class=\"elementor-widget-container\">\n\t\t\t\t\t\t\t\t\t<p>Ultrasound is a non-invasive imaging technique and<br \/>non-irradiating which studies the propagation of ultrasound targeted on a particular part of the body.<\/p><p>This examination makes it possible to visualize the soft tissues of the body such as the liver, the spleen, the kidney or the heart.<\/p><p>The probe sends ultrasounds of different frequencies to the tissues of the body which will reflect part of these waves.<\/p>\t\t\t\t\t\t\t\t<\/div>\n\t\t\t\t<\/div>\n\t\t\t\t\t<\/div>\n\t\t<\/div>\n\t\t\t\t<div class=\"elementor-column elementor-col-50 elementor-inner-column elementor-element elementor-element-30d4718\" data-id=\"30d4718\" data-element_type=\"column\" data-e-type=\"column\">\n\t\t\t<div class=\"elementor-widget-wrap elementor-element-populated\">\n\t\t\t\t\t\t<div class=\"elementor-element elementor-element-c2edbf8 elementor-widget elementor-widget-image\" data-id=\"c2edbf8\" data-element_type=\"widget\" data-e-type=\"widget\" data-widget_type=\"image.default\">\n\t\t\t\t<div class=\"elementor-widget-container\">\n\t\t\t\t\t\t\t\t\t\t\t\t\t\t\t<img decoding=\"async\" width=\"150\" height=\"150\" src=\"https:\/\/radiologiesmbb.com\/wp-content\/uploads\/2022\/04\/foetal-150x150-1.jpg\" class=\"attachment-full size-full wp-image-106\" alt=\"\" \/>\t\t\t\t\t\t\t\t\t\t\t\t\t\t\t<\/div>\n\t\t\t\t<\/div>\n\t\t\t\t\t<\/div>\n\t\t<\/div>\n\t\t\t\t\t<\/div>\n\t\t<\/section>\n\t\t\t\t<div class=\"elementor-element elementor-element-a2eb16a elementor-widget elementor-widget-text-editor\" data-id=\"a2eb16a\" data-element_type=\"widget\" data-e-type=\"widget\" data-widget_type=\"text-editor.default\">\n\t\t\t\t<div class=\"elementor-widget-container\">\n\t\t\t\t\t\t\t\t\t<p>The device analyzes the time the ultrasound took to return to its starting point as well as its strength.<\/p>\t\t\t\t\t\t\t\t<\/div>\n\t\t\t\t<\/div>\n\t\t\t\t<section class=\"elementor-section elementor-inner-section elementor-element elementor-element-787f743 elementor-section-boxed elementor-section-height-default elementor-section-height-default\" data-id=\"787f743\" data-element_type=\"section\" data-e-type=\"section\">\n\t\t\t\t\t\t<div class=\"elementor-container elementor-column-gap-default\">\n\t\t\t\t\t<div class=\"elementor-column elementor-col-50 elementor-inner-column elementor-element elementor-element-f893501\" data-id=\"f893501\" data-element_type=\"column\" data-e-type=\"column\">\n\t\t\t<div class=\"elementor-widget-wrap elementor-element-populated\">\n\t\t\t\t\t\t<div class=\"elementor-element elementor-element-61a2cdc elementor-widget elementor-widget-text-editor\" data-id=\"61a2cdc\" data-element_type=\"widget\" data-e-type=\"widget\" data-widget_type=\"text-editor.default\">\n\t\t\t\t<div class=\"elementor-widget-container\">\n\t\t\t\t\t\t\t\t\t<p>A computer analyzes everything in order to reconstruct an image that will be projected on the monitor of the device.<\/p><p>Doppler ultrasound is a technique often used in ultrasound to clearly visualize the shape of the vessels.<\/p><p>The doppler technique is often used on the arteries of the neck, the vessels of the abdomen and the study of the lower extremities.<\/p><p>The exam lasts about fifteen minutes.<\/p>\t\t\t\t\t\t\t\t<\/div>\n\t\t\t\t<\/div>\n\t\t\t\t\t<\/div>\n\t\t<\/div>\n\t\t\t\t<div class=\"elementor-column elementor-col-50 elementor-inner-column elementor-element elementor-element-1acdfd0\" data-id=\"1acdfd0\" data-element_type=\"column\" data-e-type=\"column\">\n\t\t\t<div class=\"elementor-widget-wrap elementor-element-populated\">\n\t\t\t\t\t\t<div class=\"elementor-element elementor-element-60fbaa3 elementor-widget elementor-widget-image\" data-id=\"60fbaa3\" data-element_type=\"widget\" data-e-type=\"widget\" data-widget_type=\"image.default\">\n\t\t\t\t<div class=\"elementor-widget-container\">\n\t\t\t\t\t\t\t\t\t\t\t\t\t\t\t<img fetchpriority=\"high\" decoding=\"async\" width=\"300\" height=\"200\" src=\"https:\/\/radiologiesmbb.com\/wp-content\/uploads\/2022\/04\/reinfoie.jpg\" class=\"attachment-full size-full wp-image-125\" alt=\"\" \/>\t\t\t\t\t\t\t\t\t\t\t\t\t\t\t<\/div>\n\t\t\t\t<\/div>\n\t\t\t\t\t<\/div>\n\t\t<\/div>\n\t\t\t\t\t<\/div>\n\t\t<\/section>\n\t\t\t\t<div class=\"elementor-element elementor-element-94c7e7e elementor-widget elementor-widget-heading\" data-id=\"94c7e7e\" data-element_type=\"widget\" data-e-type=\"widget\" data-widget_type=\"heading.default\">\n\t\t\t\t<div class=\"elementor-widget-container\">\n\t\t\t\t\t<h2 class=\"elementor-heading-title elementor-size-default\">Preparing for your exam<\/h2>\t\t\t\t<\/div>\n\t\t\t\t<\/div>\n\t\t\t\t<div class=\"elementor-element elementor-element-ad39173 elementor-widget elementor-widget-text-editor\" data-id=\"ad39173\" data-element_type=\"widget\" data-e-type=\"widget\" data-widget_type=\"text-editor.default\">\n\t\t\t\t<div class=\"elementor-widget-container\">\n\t\t\t\t\t\t\t\t\t<p><strong>Abdomen:<\/strong><\/p><ul><li>Fasting since midnight the day before the exam<\/li><li>Prohibited: cigarettes, chewing gum and water, except for taking medication.<\/li><\/ul><p><br \/><strong>Pelvic:<\/strong><\/p><ul><li>Drink 750 ml of liquid 1 hour 30 minutes before the examination and do not urinate afterwards.<\/li><\/ul>\t\t\t\t\t\t\t\t<\/div>\n\t\t\t\t<\/div>\n\t\t\t\t\t<\/div>\n\t\t<\/div>\n\t\t\t\t<div class=\"elementor-column elementor-col-33 elementor-top-column elementor-element elementor-element-ef27cfa\" data-id=\"ef27cfa\" data-element_type=\"column\" data-e-type=\"column\">\n\t\t\t<div class=\"elementor-widget-wrap elementor-element-populated\">\n\t\t\t\t\t\t<div class=\"elementor-element elementor-element-ff75757 elementor-widget elementor-widget-text-editor\" data-id=\"ff75757\" data-element_type=\"widget\" data-e-type=\"widget\" data-widget_type=\"text-editor.default\">\n\t\t\t\t<div class=\"elementor-widget-container\">\n\t\t\t\t\t\t\t\t\t<h6>Preparation<\/h6><div class=\"textwidget\"><p><strong>Abdomen:<\/strong><br \/>-Fasting since midnight the day before the exam<br \/>\u2013 Prohibited: cigarettes, chewing gum and water, except for taking medication<\/p><p><strong>Pelvic:<\/strong><br \/>\u2013 Drink 750 ml of liquid 1 hour 30 minutes before the examination and do not urinate afterwards<\/p><\/div>\t\t\t\t\t\t\t\t<\/div>\n\t\t\t\t<\/div>\n\t\t\t\t<div class=\"elementor-element elementor-element-a2cf436 elementor-widget elementor-widget-heading\" data-id=\"a2cf436\" data-element_type=\"widget\" data-e-type=\"widget\" data-widget_type=\"heading.default\">\n\t\t\t\t<div class=\"elementor-widget-container\">\n\t\t\t\t\t<h2 class=\"elementor-heading-title elementor-size-default\">Types of exams<\/h2>\t\t\t\t<\/div>\n\t\t\t\t<\/div>\n\t\t\t\t<div class=\"elementor-element elementor-element-ec3b776 elementor-widget elementor-widget-text-editor\" data-id=\"ec3b776\" data-element_type=\"widget\" data-e-type=\"widget\" data-widget_type=\"text-editor.default\">\n\t\t\t\t<div class=\"elementor-widget-container\">\n\t\t\t\t\t\t\t\t\t<p><a href=\"http:\/\/7br.1f4.myftpupload.com\/examen\/mammographie\/\" aria-current=\"page\">Screening and diagnostic mammography<\/a><\/p><p><a href=\"http:\/\/7br.1f4.myftpupload.com\/examen\/arthrographie\/\">Diagnostic arthrography and joint infiltration<\/a><\/p><p><a href=\"http:\/\/7br.1f4.myftpupload.com\/examen\/resonance\/\">Magnetic resonance imaging<\/a><\/p><p><a href=\"http:\/\/7br.1f4.myftpupload.com\/examen\/echographie\/\">General and specialized ultrasound<\/a><\/p><p><a href=\"http:\/\/7br.1f4.myftpupload.com\/examen\/osteodensitometrie\/\">Bone densitometry<\/a><\/p><p><a href=\"http:\/\/7br.1f4.myftpupload.com\/examen\/radiographie\/\">General and dental radiography<\/a><\/p>\t\t\t\t\t\t\t\t<\/div>\n\t\t\t\t<\/div>\n\t\t\t\t\t<\/div>\n\t\t<\/div>\n\t\t\t\t\t<\/div>\n\t\t<\/section>\n\t\t\t\t<\/div>","protected":false},"excerpt":{"rendered":"<p>\u00c9chographie g\u00e9n\u00e9rale et sp\u00e9cialis\u00e9e L\u2019\u00e9chographie est une technique d\u2019imagerie non-invasive etnon-irradiante qui \u00e9tudie la propagation des ultrasons cibl\u00e9e sur une partie du corps en particulier. Cet examen permet de visualiser les tissus mous du corps comme le foie, la rate, le rein ou le c\u0153ur. La sonde envoie des ultrasons de diff\u00e9rentes fr\u00e9quences aux tissus [&hellip;]<\/p>\n","protected":false},"author":1,"featured_media":0,"parent":32,"menu_order":0,"comment_status":"closed","ping_status":"closed","template":"","meta":{"om_disable_all_campaigns":false,"_monsterinsights_skip_tracking":false,"_monsterinsights_sitenote_active":false,"_monsterinsights_sitenote_note":"","_monsterinsights_sitenote_category":0,"_uf_show_specific_survey":0,"_uf_disable_surveys":false,"iawp_total_views":6689,"footnotes":""},"class_list":["post-40","page","type-page","status-publish","hentry"],"aioseo_notices":[],"_links":{"self":[{"href":"https:\/\/radiologiesmbb.com\/en\/wp-json\/wp\/v2\/pages\/40","targetHints":{"allow":["GET"]}}],"collection":[{"href":"https:\/\/radiologiesmbb.com\/en\/wp-json\/wp\/v2\/pages"}],"about":[{"href":"https:\/\/radiologiesmbb.com\/en\/wp-json\/wp\/v2\/types\/page"}],"author":[{"embeddable":true,"href":"https:\/\/radiologiesmbb.com\/en\/wp-json\/wp\/v2\/users\/1"}],"replies":[{"embeddable":true,"href":"https:\/\/radiologiesmbb.com\/en\/wp-json\/wp\/v2\/comments?post=40"}],"version-history":[{"count":4,"href":"https:\/\/radiologiesmbb.com\/en\/wp-json\/wp\/v2\/pages\/40\/revisions"}],"predecessor-version":[{"id":128,"href":"https:\/\/radiologiesmbb.com\/en\/wp-json\/wp\/v2\/pages\/40\/revisions\/128"}],"up":[{"embeddable":true,"href":"https:\/\/radiologiesmbb.com\/en\/wp-json\/wp\/v2\/pages\/32"}],"wp:attachment":[{"href":"https:\/\/radiologiesmbb.com\/en\/wp-json\/wp\/v2\/media?parent=40"}],"curies":[{"name":"wp","href":"https:\/\/api.w.org\/{rel}","templated":true}]}}