{"id":44,"date":"2022-04-28T12:01:07","date_gmt":"2022-04-28T12:01:07","guid":{"rendered":"https:\/\/radiologiesmbb.com\/?page_id=44"},"modified":"2022-04-28T15:26:35","modified_gmt":"2022-04-28T15:26:35","slug":"radiographie","status":"publish","type":"page","link":"https:\/\/radiologiesmbb.com\/en\/votre-examen\/radiographie\/","title":{"rendered":"X-ray"},"content":{"rendered":"<div data-elementor-type=\"wp-page\" data-elementor-id=\"44\" class=\"elementor elementor-44\" data-elementor-post-type=\"page\">\n\t\t\t\t\t\t<section class=\"elementor-section elementor-top-section elementor-element elementor-element-ffa7bce elementor-section-boxed elementor-section-height-default elementor-section-height-default\" data-id=\"ffa7bce\" data-element_type=\"section\" data-e-type=\"section\">\n\t\t\t\t\t\t<div class=\"elementor-container elementor-column-gap-default\">\n\t\t\t\t\t<div class=\"elementor-column elementor-col-66 elementor-top-column elementor-element elementor-element-75b07c8\" data-id=\"75b07c8\" data-element_type=\"column\" data-e-type=\"column\">\n\t\t\t<div class=\"elementor-widget-wrap elementor-element-populated\">\n\t\t\t\t\t\t<div class=\"elementor-element elementor-element-afbb2a4 elementor-widget elementor-widget-heading\" data-id=\"afbb2a4\" data-element_type=\"widget\" data-e-type=\"widget\" data-widget_type=\"heading.default\">\n\t\t\t\t<div class=\"elementor-widget-container\">\n\t\t\t\t\t<h2 class=\"elementor-heading-title elementor-size-default\">General and dental radiography<\/h2>\t\t\t\t<\/div>\n\t\t\t\t<\/div>\n\t\t\t\t<section class=\"elementor-section elementor-inner-section elementor-element elementor-element-8e1bf8a elementor-section-boxed elementor-section-height-default elementor-section-height-default\" data-id=\"8e1bf8a\" data-element_type=\"section\" data-e-type=\"section\">\n\t\t\t\t\t\t<div class=\"elementor-container elementor-column-gap-default\">\n\t\t\t\t\t<div class=\"elementor-column elementor-col-50 elementor-inner-column elementor-element elementor-element-8a79955\" data-id=\"8a79955\" data-element_type=\"column\" data-e-type=\"column\">\n\t\t\t<div class=\"elementor-widget-wrap elementor-element-populated\">\n\t\t\t\t\t\t<div class=\"elementor-element elementor-element-20aab24 elementor-widget elementor-widget-text-editor\" data-id=\"20aab24\" data-element_type=\"widget\" data-e-type=\"widget\" data-widget_type=\"text-editor.default\">\n\t\t\t\t<div class=\"elementor-widget-container\">\n\t\t\t\t\t\t\t\t\t<p>General radiography involves taking images of the internal structures of the body using X-rays.<\/p><p>It is a first-line examination that is quick to perform. Plain x-rays are painless and do not require preparation.<\/p><p>They are performed by professionals in a controlled environment to ensure your safety.<\/p><p>This examination does not require any prior preparation and has no particular contraindications.<\/p>\t\t\t\t\t\t\t\t<\/div>\n\t\t\t\t<\/div>\n\t\t\t\t\t<\/div>\n\t\t<\/div>\n\t\t\t\t<div class=\"elementor-column elementor-col-50 elementor-inner-column elementor-element elementor-element-36c1b13\" data-id=\"36c1b13\" data-element_type=\"column\" data-e-type=\"column\">\n\t\t\t<div class=\"elementor-widget-wrap elementor-element-populated\">\n\t\t\t\t\t\t<div class=\"elementor-element elementor-element-6038f2e elementor-widget elementor-widget-image\" data-id=\"6038f2e\" data-element_type=\"widget\" data-e-type=\"widget\" data-widget_type=\"image.default\">\n\t\t\t\t<div class=\"elementor-widget-container\">\n\t\t\t\t\t\t\t\t\t\t\t\t\t\t\t<img decoding=\"async\" width=\"150\" height=\"150\" src=\"https:\/\/radiologiesmbb.com\/wp-content\/uploads\/2022\/04\/Main-150x150-1.png\" class=\"attachment-full size-full wp-image-104\" alt=\"\" \/>\t\t\t\t\t\t\t\t\t\t\t\t\t\t\t<\/div>\n\t\t\t\t<\/div>\n\t\t\t\t\t<\/div>\n\t\t<\/div>\n\t\t\t\t\t<\/div>\n\t\t<\/section>\n\t\t\t\t<div class=\"elementor-element elementor-element-d674a30 elementor-widget elementor-widget-text-editor\" data-id=\"d674a30\" data-element_type=\"widget\" data-e-type=\"widget\" data-widget_type=\"text-editor.default\">\n\t\t\t\t<div class=\"elementor-widget-container\">\n\t\t\t\t\t\t\t\t\t<p>However, as with all x-ray exams, if you are pregnant, please tell your doctor and the technologist who will perform the exam.<\/p>\t\t\t\t\t\t\t\t<\/div>\n\t\t\t\t<\/div>\n\t\t\t\t\t<\/div>\n\t\t<\/div>\n\t\t\t\t<div class=\"elementor-column elementor-col-33 elementor-top-column elementor-element elementor-element-e4b2d0d\" data-id=\"e4b2d0d\" data-element_type=\"column\" data-e-type=\"column\">\n\t\t\t<div class=\"elementor-widget-wrap elementor-element-populated\">\n\t\t\t\t\t\t<div class=\"elementor-element elementor-element-bb3784c elementor-widget elementor-widget-text-editor\" data-id=\"bb3784c\" data-element_type=\"widget\" data-e-type=\"widget\" data-widget_type=\"text-editor.default\">\n\t\t\t\t<div class=\"elementor-widget-container\">\n\t\t\t\t\t\t\t\t\t<h5>Information<\/h5><div class=\"textwidget\"><p>No appointment is necessary. The report requested urgently is sent to the attending physician the same day.<\/p><\/div>\t\t\t\t\t\t\t\t<\/div>\n\t\t\t\t<\/div>\n\t\t\t\t<div class=\"elementor-element elementor-element-f8384b4 elementor-widget elementor-widget-heading\" data-id=\"f8384b4\" data-element_type=\"widget\" data-e-type=\"widget\" data-widget_type=\"heading.default\">\n\t\t\t\t<div class=\"elementor-widget-container\">\n\t\t\t\t\t<h2 class=\"elementor-heading-title elementor-size-default\">Types of exams<\/h2>\t\t\t\t<\/div>\n\t\t\t\t<\/div>\n\t\t\t\t<div class=\"elementor-element elementor-element-e21caf4 elementor-widget elementor-widget-text-editor\" data-id=\"e21caf4\" data-element_type=\"widget\" data-e-type=\"widget\" data-widget_type=\"text-editor.default\">\n\t\t\t\t<div class=\"elementor-widget-container\">\n\t\t\t\t\t\t\t\t\t<p><a href=\"http:\/\/7br.1f4.myftpupload.com\/examen\/mammographie\/\" aria-current=\"page\">Screening and diagnostic mammography<\/a><\/p><p><a href=\"http:\/\/7br.1f4.myftpupload.com\/examen\/arthrographie\/\">Diagnostic arthrography and joint infiltration<\/a><\/p><p><a href=\"http:\/\/7br.1f4.myftpupload.com\/examen\/resonance\/\">Magnetic resonance imaging<\/a><\/p><p><a href=\"http:\/\/7br.1f4.myftpupload.com\/examen\/echographie\/\">General and specialized ultrasound<\/a><\/p><p><a href=\"http:\/\/7br.1f4.myftpupload.com\/examen\/osteodensitometrie\/\">Bone densitometry<\/a><\/p><p><a href=\"http:\/\/7br.1f4.myftpupload.com\/examen\/radiographie\/\">General and dental radiography<\/a><\/p>\t\t\t\t\t\t\t\t<\/div>\n\t\t\t\t<\/div>\n\t\t\t\t\t<\/div>\n\t\t<\/div>\n\t\t\t\t\t<\/div>\n\t\t<\/section>\n\t\t\t\t<\/div>","protected":false},"excerpt":{"rendered":"<p>Radiographie g\u00e9n\u00e9rale et dentaire La radiographie g\u00e9n\u00e9rale consiste \u00e0 prendre des images des structures internes du corps \u00e0 l\u2019aide de rayons X. C\u2019est un examen de premi\u00e8re ligne qui est rapide \u00e0 effectuer. Les radiographies simples sont indolores et ne n\u00e9cessitent pas de pr\u00e9paration. Elles sont effectu\u00e9es par des professionnels dans un environnement contr\u00f4l\u00e9 afin [&hellip;]<\/p>\n","protected":false},"author":1,"featured_media":0,"parent":32,"menu_order":0,"comment_status":"closed","ping_status":"closed","template":"","meta":{"om_disable_all_campaigns":false,"_monsterinsights_skip_tracking":false,"_monsterinsights_sitenote_active":false,"_monsterinsights_sitenote_note":"","_monsterinsights_sitenote_category":0,"_uf_show_specific_survey":0,"_uf_disable_surveys":false,"iawp_total_views":3700,"footnotes":""},"class_list":["post-44","page","type-page","status-publish","hentry"],"aioseo_notices":[],"_links":{"self":[{"href":"https:\/\/radiologiesmbb.com\/en\/wp-json\/wp\/v2\/pages\/44","targetHints":{"allow":["GET"]}}],"collection":[{"href":"https:\/\/radiologiesmbb.com\/en\/wp-json\/wp\/v2\/pages"}],"about":[{"href":"https:\/\/radiologiesmbb.com\/en\/wp-json\/wp\/v2\/types\/page"}],"author":[{"embeddable":true,"href":"https:\/\/radiologiesmbb.com\/en\/wp-json\/wp\/v2\/users\/1"}],"replies":[{"embeddable":true,"href":"https:\/\/radiologiesmbb.com\/en\/wp-json\/wp\/v2\/comments?post=44"}],"version-history":[{"count":4,"href":"https:\/\/radiologiesmbb.com\/en\/wp-json\/wp\/v2\/pages\/44\/revisions"}],"predecessor-version":[{"id":138,"href":"https:\/\/radiologiesmbb.com\/en\/wp-json\/wp\/v2\/pages\/44\/revisions\/138"}],"up":[{"embeddable":true,"href":"https:\/\/radiologiesmbb.com\/en\/wp-json\/wp\/v2\/pages\/32"}],"wp:attachment":[{"href":"https:\/\/radiologiesmbb.com\/en\/wp-json\/wp\/v2\/media?parent=44"}],"curies":[{"name":"wp","href":"https:\/\/api.w.org\/{rel}","templated":true}]}}