{"id":52,"date":"2022-04-28T12:03:49","date_gmt":"2022-04-28T12:03:49","guid":{"rendered":"https:\/\/radiologiesmbb.com\/?page_id=52"},"modified":"2022-04-28T16:10:30","modified_gmt":"2022-04-28T16:10:30","slug":"sondage","status":"publish","type":"page","link":"https:\/\/radiologiesmbb.com\/en\/nous-joindre\/sondage\/","title":{"rendered":"Survey"},"content":{"rendered":"<div data-elementor-type=\"wp-page\" data-elementor-id=\"52\" class=\"elementor elementor-52\" data-elementor-post-type=\"page\">\n\t\t\t\t\t\t<section class=\"elementor-section elementor-top-section elementor-element elementor-element-96c21c0 elementor-section-boxed elementor-section-height-default elementor-section-height-default\" data-id=\"96c21c0\" data-element_type=\"section\" data-e-type=\"section\">\n\t\t\t\t\t\t<div class=\"elementor-container elementor-column-gap-default\">\n\t\t\t\t\t<div class=\"elementor-column elementor-col-66 elementor-top-column elementor-element elementor-element-7a672db\" data-id=\"7a672db\" data-element_type=\"column\" data-e-type=\"column\">\n\t\t\t<div class=\"elementor-widget-wrap elementor-element-populated\">\n\t\t\t\t\t\t<div class=\"elementor-element elementor-element-32b83bb elementor-widget elementor-widget-heading\" data-id=\"32b83bb\" data-element_type=\"widget\" data-e-type=\"widget\" data-widget_type=\"heading.default\">\n\t\t\t\t<div class=\"elementor-widget-container\">\n\t\t\t\t\t<h1 class=\"elementor-heading-title elementor-size-default\">Survey<\/h1>\t\t\t\t<\/div>\n\t\t\t\t<\/div>\n\t\t\t\t<div class=\"elementor-element elementor-element-fdbd476 elementor-widget elementor-widget-text-editor\" data-id=\"fdbd476\" data-element_type=\"widget\" data-e-type=\"widget\" data-widget_type=\"text-editor.default\">\n\t\t\t\t<div class=\"elementor-widget-container\">\n\t\t\t\t\t\t\t\t\t<p>Your opinion is important to us. We are always looking for the best approach to meet your medical imaging needs. All information collected remains confidential and will be used for the sole purpose of improving our operations.<\/p>\t\t\t\t\t\t\t\t<\/div>\n\t\t\t\t<\/div>\n\t\t\t\t\t<\/div>\n\t\t<\/div>\n\t\t\t\t<div class=\"elementor-column elementor-col-33 elementor-top-column elementor-element elementor-element-e44b76c\" data-id=\"e44b76c\" data-element_type=\"column\" data-e-type=\"column\">\n\t\t\t<div class=\"elementor-widget-wrap elementor-element-populated\">\n\t\t\t\t\t\t<div class=\"elementor-element elementor-element-8e75013 elementor-widget elementor-widget-text-editor\" data-id=\"8e75013\" data-element_type=\"widget\" data-e-type=\"widget\" data-widget_type=\"text-editor.default\">\n\t\t\t\t<div class=\"elementor-widget-container\">\n\t\t\t\t\t\t\t\t\t<p>The group of radiologists at the H\u00f4pital du Sacr\u00e9 Coeur in Montreal provides all services and maintains a high level of competence and excellence.<\/p>\t\t\t\t\t\t\t\t<\/div>\n\t\t\t\t<\/div>\n\t\t\t\t<section class=\"elementor-section elementor-inner-section elementor-element elementor-element-a7ddc19 elementor-section-boxed elementor-section-height-default elementor-section-height-default\" data-id=\"a7ddc19\" data-element_type=\"section\" data-e-type=\"section\">\n\t\t\t\t\t\t<div class=\"elementor-container elementor-column-gap-default\">\n\t\t\t\t\t<div class=\"elementor-column elementor-col-100 elementor-inner-column elementor-element elementor-element-02bba25\" data-id=\"02bba25\" data-element_type=\"column\" data-e-type=\"column\">\n\t\t\t<div class=\"elementor-widget-wrap elementor-element-populated\">\n\t\t\t\t\t\t<div class=\"elementor-element elementor-element-49a5244 elementor-widget elementor-widget-heading\" data-id=\"49a5244\" data-element_type=\"widget\" data-e-type=\"widget\" data-widget_type=\"heading.default\">\n\t\t\t\t<div class=\"elementor-widget-container\">\n\t\t\t\t\t<h2 class=\"elementor-heading-title elementor-size-default\">Montreal<\/h2>\t\t\t\t<\/div>\n\t\t\t\t<\/div>\n\t\t\t\t<div class=\"elementor-element elementor-element-fc047e5 elementor-widget elementor-widget-heading\" data-id=\"fc047e5\" data-element_type=\"widget\" data-e-type=\"widget\" data-widget_type=\"heading.default\">\n\t\t\t\t<div class=\"elementor-widget-container\">\n\t\t\t\t\t<h2 class=\"elementor-heading-title elementor-size-default\">1575 boul. Henri-Bourassa O. <br>Suite 150<br>Montreal (Qc) H3M 3A9<br>514 331-8212<\/h2>\t\t\t\t<\/div>\n\t\t\t\t<\/div>\n\t\t\t\t<div class=\"elementor-element elementor-element-c563b8e elementor-widget elementor-widget-text-editor\" data-id=\"c563b8e\" data-element_type=\"widget\" data-e-type=\"widget\" data-widget_type=\"text-editor.default\">\n\t\t\t\t<div class=\"elementor-widget-container\">\n\t\t\t\t\t\t\t\t\t<p style=\"text-align: left;\"><img decoding=\"async\" class=\"size-full wp-image-92 alignleft\" src=\"https:\/\/radiologiesmbb.com\/wp-content\/uploads\/2022\/04\/Horraire.png\" alt=\"\" width=\"203\" height=\"144\" \/><\/p>\t\t\t\t\t\t\t\t<\/div>\n\t\t\t\t<\/div>\n\t\t\t\t\t<\/div>\n\t\t<\/div>\n\t\t\t\t\t<\/div>\n\t\t<\/section>\n\t\t\t\t<section class=\"elementor-section elementor-inner-section elementor-element elementor-element-81121f7 elementor-section-boxed elementor-section-height-default elementor-section-height-default\" data-id=\"81121f7\" data-element_type=\"section\" data-e-type=\"section\">\n\t\t\t\t\t\t<div class=\"elementor-container elementor-column-gap-default\">\n\t\t\t\t\t<div class=\"elementor-column elementor-col-100 elementor-inner-column elementor-element elementor-element-e551594\" data-id=\"e551594\" data-element_type=\"column\" data-e-type=\"column\">\n\t\t\t<div class=\"elementor-widget-wrap elementor-element-populated\">\n\t\t\t\t\t\t<div class=\"elementor-element elementor-element-6e900c1 elementor-widget elementor-widget-heading\" data-id=\"6e900c1\" data-element_type=\"widget\" data-e-type=\"widget\" data-widget_type=\"heading.default\">\n\t\t\t\t<div class=\"elementor-widget-container\">\n\t\t\t\t\t<h2 class=\"elementor-heading-title elementor-size-default\">Laval<\/h2>\t\t\t\t<\/div>\n\t\t\t\t<\/div>\n\t\t\t\t<div class=\"elementor-element elementor-element-ffb89ee elementor-widget elementor-widget-heading\" data-id=\"ffb89ee\" data-element_type=\"widget\" data-e-type=\"widget\" data-widget_type=\"heading.default\">\n\t\t\t\t<div class=\"elementor-widget-container\">\n\t\t\t\t\t<h2 class=\"elementor-heading-title elementor-size-default\">1435 boul. St-Martin O. <br>Suite 101\n<br>Laval (QC) H7S 2C6\n<br>514 331-8212<\/h2>\t\t\t\t<\/div>\n\t\t\t\t<\/div>\n\t\t\t\t<div class=\"elementor-element elementor-element-b3fdea4 elementor-widget elementor-widget-text-editor\" data-id=\"b3fdea4\" data-element_type=\"widget\" data-e-type=\"widget\" data-widget_type=\"text-editor.default\">\n\t\t\t\t<div class=\"elementor-widget-container\">\n\t\t\t\t\t\t\t\t\t<p style=\"text-align: left;\"><img decoding=\"async\" class=\"size-full wp-image-92 alignleft\" src=\"https:\/\/radiologiesmbb.com\/wp-content\/uploads\/2022\/04\/Horraire.png\" alt=\"\" width=\"203\" height=\"144\" \/><\/p>\t\t\t\t\t\t\t\t<\/div>\n\t\t\t\t<\/div>\n\t\t\t\t<div class=\"elementor-element elementor-element-f3d0f97 elementor-widget elementor-widget-text-editor\" data-id=\"f3d0f97\" data-element_type=\"widget\" data-e-type=\"widget\" data-widget_type=\"text-editor.default\">\n\t\t\t\t<div class=\"elementor-widget-container\">\n\t\t\t\t\t\t\t\t\t<p><img decoding=\"async\" class=\"alignnone size-full wp-image-93\" src=\"https:\/\/radiologiesmbb.com\/wp-content\/uploads\/2022\/04\/Horraire-1.png\" alt=\"\" width=\"201\" height=\"213\" \/><\/p>\t\t\t\t\t\t\t\t<\/div>\n\t\t\t\t<\/div>\n\t\t\t\t\t<\/div>\n\t\t<\/div>\n\t\t\t\t\t<\/div>\n\t\t<\/section>\n\t\t\t\t\t<\/div>\n\t\t<\/div>\n\t\t\t\t\t<\/div>\n\t\t<\/section>\n\t\t\t\t<\/div>","protected":false},"excerpt":{"rendered":"<p>Sondage Votre opinion est importante pour nous. Nous cherchons toujours la meilleure approche pour combler vos besoins en imagerie m\u00e9dicale. Toutes les informations recueillies demeurent confidentielles et seront utilis\u00e9es dans le but unique d\u2019am\u00e9liorer nos op\u00e9rations. Le regroupement des radiologistes de l&rsquo;H\u00f4pital du Sacr\u00e9 Coeur de Montr\u00e9al assure l&rsquo;ensemble des services et maintient un haut [&hellip;]<\/p>\n","protected":false},"author":1,"featured_media":0,"parent":46,"menu_order":0,"comment_status":"closed","ping_status":"closed","template":"","meta":{"om_disable_all_campaigns":false,"_monsterinsights_skip_tracking":false,"_monsterinsights_sitenote_active":false,"_monsterinsights_sitenote_note":"","_monsterinsights_sitenote_category":0,"_uf_show_specific_survey":0,"_uf_disable_surveys":false,"iawp_total_views":176,"footnotes":""},"class_list":["post-52","page","type-page","status-publish","hentry"],"aioseo_notices":[],"_links":{"self":[{"href":"https:\/\/radiologiesmbb.com\/en\/wp-json\/wp\/v2\/pages\/52","targetHints":{"allow":["GET"]}}],"collection":[{"href":"https:\/\/radiologiesmbb.com\/en\/wp-json\/wp\/v2\/pages"}],"about":[{"href":"https:\/\/radiologiesmbb.com\/en\/wp-json\/wp\/v2\/types\/page"}],"author":[{"embeddable":true,"href":"https:\/\/radiologiesmbb.com\/en\/wp-json\/wp\/v2\/users\/1"}],"replies":[{"embeddable":true,"href":"https:\/\/radiologiesmbb.com\/en\/wp-json\/wp\/v2\/comments?post=52"}],"version-history":[{"count":4,"href":"https:\/\/radiologiesmbb.com\/en\/wp-json\/wp\/v2\/pages\/52\/revisions"}],"predecessor-version":[{"id":155,"href":"https:\/\/radiologiesmbb.com\/en\/wp-json\/wp\/v2\/pages\/52\/revisions\/155"}],"up":[{"embeddable":true,"href":"https:\/\/radiologiesmbb.com\/en\/wp-json\/wp\/v2\/pages\/46"}],"wp:attachment":[{"href":"https:\/\/radiologiesmbb.com\/en\/wp-json\/wp\/v2\/media?parent=52"}],"curies":[{"name":"wp","href":"https:\/\/api.w.org\/{rel}","templated":true}]}}