{"id":54,"date":"2022-04-28T12:04:17","date_gmt":"2022-04-28T12:04:17","guid":{"rendered":"https:\/\/radiologiesmbb.com\/?page_id=54"},"modified":"2022-04-28T16:26:03","modified_gmt":"2022-04-28T16:26:03","slug":"liens-utiles","status":"publish","type":"page","link":"https:\/\/radiologiesmbb.com\/en\/liens-utiles\/","title":{"rendered":"Useful links"},"content":{"rendered":"<div data-elementor-type=\"wp-page\" data-elementor-id=\"54\" class=\"elementor elementor-54\" data-elementor-post-type=\"page\">\n\t\t\t\t\t\t<section class=\"elementor-section elementor-top-section elementor-element elementor-element-7ca3921 elementor-section-boxed elementor-section-height-default elementor-section-height-default\" data-id=\"7ca3921\" data-element_type=\"section\" data-e-type=\"section\">\n\t\t\t\t\t\t<div class=\"elementor-container elementor-column-gap-default\">\n\t\t\t\t\t<div class=\"elementor-column elementor-col-50 elementor-top-column elementor-element elementor-element-3ab65f0\" data-id=\"3ab65f0\" data-element_type=\"column\" data-e-type=\"column\">\n\t\t\t<div class=\"elementor-widget-wrap elementor-element-populated\">\n\t\t\t\t\t\t<div class=\"elementor-element elementor-element-5cd2784 elementor-widget elementor-widget-heading\" data-id=\"5cd2784\" data-element_type=\"widget\" data-e-type=\"widget\" data-widget_type=\"heading.default\">\n\t\t\t\t<div class=\"elementor-widget-container\">\n\t\t\t\t\t<h1 class=\"elementor-heading-title elementor-size-default\">Useful links<\/h1>\t\t\t\t<\/div>\n\t\t\t\t<\/div>\n\t\t\t\t<section class=\"elementor-section elementor-inner-section elementor-element elementor-element-ed7335f elementor-section-boxed elementor-section-height-default elementor-section-height-default\" data-id=\"ed7335f\" data-element_type=\"section\" data-e-type=\"section\">\n\t\t\t\t\t\t<div class=\"elementor-container elementor-column-gap-default\">\n\t\t\t\t\t<div class=\"elementor-column elementor-col-50 elementor-inner-column elementor-element elementor-element-1a0fdf7\" data-id=\"1a0fdf7\" data-element_type=\"column\" data-e-type=\"column\">\n\t\t\t<div class=\"elementor-widget-wrap elementor-element-populated\">\n\t\t\t\t\t\t<div class=\"elementor-element elementor-element-483e601 elementor-position-top elementor-widget elementor-widget-image-box\" data-id=\"483e601\" data-element_type=\"widget\" data-e-type=\"widget\" data-widget_type=\"image-box.default\">\n\t\t\t\t<div class=\"elementor-widget-container\">\n\t\t\t\t\t<div class=\"elementor-image-box-wrapper\"><figure class=\"elementor-image-box-img\"><a href=\"https:\/\/car.ca\/\" tabindex=\"-1\"><img decoding=\"async\" width=\"86\" height=\"53\" src=\"https:\/\/radiologiesmbb.com\/wp-content\/uploads\/2022\/04\/ACR.gif\" class=\"attachment-full size-full wp-image-162\" alt=\"\" \/><\/a><\/figure><div class=\"elementor-image-box-content\"><h3 class=\"elementor-image-box-title\"><a href=\"https:\/\/car.ca\/\">Canadian Association of Radiologists<\/a><\/h3><p class=\"elementor-image-box-description\">As the voice of the profession in Canada, the Canadian Association of Radiologists champions high standards of practice in patient-centered imaging, lifelong learning and research. Radiologists are an integral part of the clinical team.<\/p><\/div><\/div>\t\t\t\t<\/div>\n\t\t\t\t<\/div>\n\t\t\t\t<div class=\"elementor-element elementor-element-1e5d331 elementor-position-top elementor-widget elementor-widget-image-box\" data-id=\"1e5d331\" data-element_type=\"widget\" data-e-type=\"widget\" data-widget_type=\"image-box.default\">\n\t\t\t\t<div class=\"elementor-widget-container\">\n\t\t\t\t\t<div class=\"elementor-image-box-wrapper\"><figure class=\"elementor-image-box-img\"><a href=\"https:\/\/www.arq.qc.ca\/\" tabindex=\"-1\"><img decoding=\"async\" width=\"90\" height=\"36\" src=\"https:\/\/radiologiesmbb.com\/wp-content\/uploads\/2022\/04\/img_logo_header.jpg\" class=\"attachment-full size-full wp-image-157\" alt=\"\" \/><\/a><\/figure><div class=\"elementor-image-box-content\"><h3 class=\"elementor-image-box-title\"><a href=\"https:\/\/www.arq.qc.ca\/\">Quebec Association of Radiologists<\/a><\/h3><p class=\"elementor-image-box-description\">It was in December 1947 that the Association des radiologistes du Qu\u00e9bec (ARQ) was created at the request of 23 doctors specializing in radiology. The Association of Radiologists of Quebec is the oldest union of medical specialists. It was created to meet the needs and desires of physicians specializing in radiology to come together to defend their interests and promote their specialty. It is one of just over 30 associations of medical specialists (anaesthesiologists, cardiologists, surgeons, psychiatrists, etc.) forming the Federation of Medical Specialists of Quebec.<\/p><\/div><\/div>\t\t\t\t<\/div>\n\t\t\t\t<\/div>\n\t\t\t\t<div class=\"elementor-element elementor-element-8a78e5b elementor-position-top elementor-widget elementor-widget-image-box\" data-id=\"8a78e5b\" data-element_type=\"widget\" data-e-type=\"widget\" data-widget_type=\"image-box.default\">\n\t\t\t\t<div class=\"elementor-widget-container\">\n\t\t\t\t\t<div class=\"elementor-image-box-wrapper\"><figure class=\"elementor-image-box-img\"><a href=\"https:\/\/www.msss.gouv.qc.ca\/\" tabindex=\"-1\"><img decoding=\"async\" width=\"196\" height=\"66\" src=\"https:\/\/radiologiesmbb.com\/wp-content\/uploads\/2022\/04\/wsig3.gif\" class=\"attachment-full size-full wp-image-159\" alt=\"\" \/><\/a><\/figure><div class=\"elementor-image-box-content\"><h3 class=\"elementor-image-box-title\"><a href=\"https:\/\/www.msss.gouv.qc.ca\/\">Health and social services, Government of Quebec<\/a><\/h3><p class=\"elementor-image-box-description\">The site of the Minist\u00e8re de la Sant\u00e9 et des Services sociaux du Qu\u00e9bec brings together information on the health and social services system: the Ministry, the socio-sanitary network, the health and social services agencies, the establishments, the community organizations and various committees. The site also contains guidelines for health and well-being policies, evaluation, planning, organization and coordination of programs.<\/p><\/div><\/div>\t\t\t\t<\/div>\n\t\t\t\t<\/div>\n\t\t\t\t<div class=\"elementor-element elementor-element-30032ec elementor-position-right elementor-vertical-align-middle elementor-widget elementor-widget-image-box\" data-id=\"30032ec\" data-element_type=\"widget\" data-e-type=\"widget\" data-widget_type=\"image-box.default\">\n\t\t\t\t<div class=\"elementor-widget-container\">\n\t\t\t\t\t<div class=\"elementor-image-box-wrapper\"><figure class=\"elementor-image-box-img\"><a href=\"http:\/\/www.mammo.ca\/\" tabindex=\"-1\"><img loading=\"lazy\" decoding=\"async\" width=\"157\" height=\"48\" src=\"https:\/\/radiologiesmbb.com\/wp-content\/uploads\/2022\/04\/logo.jpg\" class=\"attachment-full size-full wp-image-158\" alt=\"\" \/><\/a><\/figure><div class=\"elementor-image-box-content\"><h3 class=\"elementor-image-box-title\"><a href=\"http:\/\/www.mammo.ca\/\">Demystify mammography<\/a><\/h3><p class=\"elementor-image-box-description\">The mammo.ca site aims to demystify mammography and provide information on the role of the radiologist in breast cancer screening and treatment.<\/p><\/div><\/div>\t\t\t\t<\/div>\n\t\t\t\t<\/div>\n\t\t\t\t\t<\/div>\n\t\t<\/div>\n\t\t\t\t<div class=\"elementor-column elementor-col-50 elementor-inner-column elementor-element elementor-element-d4a8184\" data-id=\"d4a8184\" data-element_type=\"column\" data-e-type=\"column\">\n\t\t\t<div class=\"elementor-widget-wrap elementor-element-populated\">\n\t\t\t\t\t\t<div class=\"elementor-element elementor-element-72b4cd9 elementor-position-right elementor-vertical-align-middle elementor-widget elementor-widget-image-box\" data-id=\"72b4cd9\" data-element_type=\"widget\" data-e-type=\"widget\" data-widget_type=\"image-box.default\">\n\t\t\t\t<div class=\"elementor-widget-container\">\n\t\t\t\t\t<div class=\"elementor-image-box-wrapper\"><figure class=\"elementor-image-box-img\"><a href=\"https:\/\/www.quebec.ca\/sante\/conseils-et-prevention\/depistage-et-offre-de-tests-de-porteur\/programme-quebecois-de-depistage-du-cancer-du-sein\/\" tabindex=\"-1\"><img loading=\"lazy\" decoding=\"async\" width=\"130\" height=\"246\" src=\"https:\/\/radiologiesmbb.com\/wp-content\/uploads\/2022\/04\/PQDCS-logo_04.jpg\" class=\"attachment-full size-full wp-image-160\" alt=\"\" \/><\/a><\/figure><div class=\"elementor-image-box-content\"><h3 class=\"elementor-image-box-title\"><a href=\"https:\/\/www.quebec.ca\/sante\/conseils-et-prevention\/depistage-et-offre-de-tests-de-porteur\/programme-quebecois-de-depistage-du-cancer-du-sein\/\">Quebec Breast Cancer Screening Program<\/a><\/h3><p class=\"elementor-image-box-description\">Following numerous studies spread over ten years, Quebec launched, in May 1998, on the basis of a frame of reference, the Quebec Breast Cancer Screening Program. The goal of the Quebec Breast Cancer Screening Program is to reduce breast cancer mortality by at least 25 % among women aged 50 to 69, over a ten-year period.<\/p><\/div><\/div>\t\t\t\t<\/div>\n\t\t\t\t<\/div>\n\t\t\t\t<div class=\"elementor-element elementor-element-f2a756c elementor-widget elementor-widget-text-editor\" data-id=\"f2a756c\" data-element_type=\"widget\" data-e-type=\"widget\" data-widget_type=\"text-editor.default\">\n\t\t\t\t<div class=\"elementor-widget-container\">\n\t\t\t\t\t\t\t\t\t<p>The Quebec BREAST CANCER SCREENING Program aims to:<\/p><ul><li>reduce the breast cancer mortality rate by 25 TP2T over a ten-year period<\/li><li>improve the early detection of breast cancer in women aged 50 to 69<\/li><li>maximize detection of small tumors<\/li><li>improve accessibility to screening mammography<\/li><li>ensure that screening is carried out in centers with high quality standards<\/li><li>ensure that the services offered aim to satisfy and maintain the quality of life of women and take into account the needs and rights of women, particularly the right to confidentiality and the right to be able to make an informed decision<\/li><\/ul><p>Connections :<\/p><ul><li><a href=\"http:\/\/www.msss.gouv.qc.ca\/sujets\/santepub\/pqdcs\/index.php?A_propos_du_programme\" target=\"_blank\" rel=\"noopener\">Quebec Breast Cancer Screening Program<\/a><\/li><li><a href=\"http:\/\/www.pqdcseinlaval.qc.ca\/\" target=\"_blank\" rel=\"noopener\">PQDCS Laval<\/a><\/li><li><a href=\"http:\/\/www.dsp.santemontreal.qc.ca\/\" target=\"_blank\" rel=\"noopener\">PQDCS Montreal<\/a><\/li><\/ul>\t\t\t\t\t\t\t\t<\/div>\n\t\t\t\t<\/div>\n\t\t\t\t<div class=\"elementor-element elementor-element-4f3d072 elementor-position-top elementor-widget elementor-widget-image-box\" data-id=\"4f3d072\" data-element_type=\"widget\" data-e-type=\"widget\" data-widget_type=\"image-box.default\">\n\t\t\t\t<div class=\"elementor-widget-container\">\n\t\t\t\t\t<div class=\"elementor-image-box-wrapper\"><figure class=\"elementor-image-box-img\"><a href=\"https:\/\/www.ciusssnordmtl.ca\/\" tabindex=\"-1\"><img loading=\"lazy\" decoding=\"async\" width=\"270\" height=\"94\" src=\"https:\/\/radiologiesmbb.com\/wp-content\/uploads\/2022\/04\/logo_fr_H_sacre_coeur_mtl.jpg\" class=\"attachment-full size-full wp-image-161\" alt=\"\" \/><\/a><\/figure><div class=\"elementor-image-box-content\"><h3 class=\"elementor-image-box-title\"><a href=\"https:\/\/www.ciusssnordmtl.ca\/\">Montreal Sacred Heart Hospital<\/a><\/h3><p class=\"elementor-image-box-description\">The HSCM is one of the major university hospital centers affiliated with the University of Montreal. Now one of the largest hospitals in Quebec, the HSCM remains the only hospital center to offer all medical and surgical care.<\/p><\/div><\/div>\t\t\t\t<\/div>\n\t\t\t\t<\/div>\n\t\t\t\t\t<\/div>\n\t\t<\/div>\n\t\t\t\t\t<\/div>\n\t\t<\/section>\n\t\t\t\t\t<\/div>\n\t\t<\/div>\n\t\t\t\t<div class=\"elementor-column elementor-col-50 elementor-top-column elementor-element elementor-element-8d61e6c\" data-id=\"8d61e6c\" data-element_type=\"column\" data-e-type=\"column\">\n\t\t\t<div class=\"elementor-widget-wrap elementor-element-populated\">\n\t\t\t\t\t\t<section class=\"elementor-section elementor-inner-section elementor-element elementor-element-8b119ff elementor-section-boxed elementor-section-height-default elementor-section-height-default\" data-id=\"8b119ff\" data-element_type=\"section\" data-e-type=\"section\">\n\t\t\t\t\t\t<div class=\"elementor-container elementor-column-gap-default\">\n\t\t\t\t\t<div class=\"elementor-column elementor-col-100 elementor-inner-column elementor-element elementor-element-ceecad7\" data-id=\"ceecad7\" data-element_type=\"column\" data-e-type=\"column\">\n\t\t\t<div class=\"elementor-widget-wrap elementor-element-populated\">\n\t\t\t\t\t\t<div class=\"elementor-element elementor-element-be749ff elementor-widget elementor-widget-heading\" data-id=\"be749ff\" data-element_type=\"widget\" data-e-type=\"widget\" data-widget_type=\"heading.default\">\n\t\t\t\t<div class=\"elementor-widget-container\">\n\t\t\t\t\t<h2 class=\"elementor-heading-title elementor-size-default\">Montreal<\/h2>\t\t\t\t<\/div>\n\t\t\t\t<\/div>\n\t\t\t\t<div class=\"elementor-element elementor-element-746ed40 elementor-widget elementor-widget-heading\" data-id=\"746ed40\" data-element_type=\"widget\" data-e-type=\"widget\" data-widget_type=\"heading.default\">\n\t\t\t\t<div class=\"elementor-widget-container\">\n\t\t\t\t\t<h2 class=\"elementor-heading-title elementor-size-default\">1575 boul. Henri-Bourassa O. <br>Suite 150<br>Montreal (Qc) H3M 3A9<br>514 331-8212<\/h2>\t\t\t\t<\/div>\n\t\t\t\t<\/div>\n\t\t\t\t<div class=\"elementor-element elementor-element-8e0a5e8 elementor-widget elementor-widget-text-editor\" data-id=\"8e0a5e8\" data-element_type=\"widget\" data-e-type=\"widget\" data-widget_type=\"text-editor.default\">\n\t\t\t\t<div class=\"elementor-widget-container\">\n\t\t\t\t\t\t\t\t\t<p style=\"text-align: left;\"><img loading=\"lazy\" decoding=\"async\" class=\"size-full wp-image-92 alignleft\" src=\"https:\/\/radiologiesmbb.com\/wp-content\/uploads\/2022\/04\/Horraire.png\" alt=\"\" width=\"203\" height=\"144\" \/><\/p>\t\t\t\t\t\t\t\t<\/div>\n\t\t\t\t<\/div>\n\t\t\t\t\t<\/div>\n\t\t<\/div>\n\t\t\t\t\t<\/div>\n\t\t<\/section>\n\t\t\t\t<section class=\"elementor-section elementor-inner-section elementor-element elementor-element-9c3336c elementor-section-boxed elementor-section-height-default elementor-section-height-default\" data-id=\"9c3336c\" data-element_type=\"section\" data-e-type=\"section\">\n\t\t\t\t\t\t<div class=\"elementor-container elementor-column-gap-default\">\n\t\t\t\t\t<div class=\"elementor-column elementor-col-100 elementor-inner-column elementor-element elementor-element-ba2ca95\" data-id=\"ba2ca95\" data-element_type=\"column\" data-e-type=\"column\">\n\t\t\t<div class=\"elementor-widget-wrap elementor-element-populated\">\n\t\t\t\t\t\t<div class=\"elementor-element elementor-element-ed14ff9 elementor-widget elementor-widget-heading\" data-id=\"ed14ff9\" data-element_type=\"widget\" data-e-type=\"widget\" data-widget_type=\"heading.default\">\n\t\t\t\t<div class=\"elementor-widget-container\">\n\t\t\t\t\t<h2 class=\"elementor-heading-title elementor-size-default\">Laval<\/h2>\t\t\t\t<\/div>\n\t\t\t\t<\/div>\n\t\t\t\t<div class=\"elementor-element elementor-element-b446c1c elementor-widget elementor-widget-heading\" data-id=\"b446c1c\" data-element_type=\"widget\" data-e-type=\"widget\" data-widget_type=\"heading.default\">\n\t\t\t\t<div class=\"elementor-widget-container\">\n\t\t\t\t\t<h2 class=\"elementor-heading-title elementor-size-default\">1435 boul. St-Martin O. <br>Suite 101\n<br>Laval (QC) H7S 2C6\n<br>514 331-8212<\/h2>\t\t\t\t<\/div>\n\t\t\t\t<\/div>\n\t\t\t\t<div class=\"elementor-element elementor-element-771ef05 elementor-widget elementor-widget-text-editor\" data-id=\"771ef05\" data-element_type=\"widget\" data-e-type=\"widget\" data-widget_type=\"text-editor.default\">\n\t\t\t\t<div class=\"elementor-widget-container\">\n\t\t\t\t\t\t\t\t\t<p style=\"text-align: left;\"><img loading=\"lazy\" decoding=\"async\" class=\"size-full wp-image-92 alignleft\" src=\"https:\/\/radiologiesmbb.com\/wp-content\/uploads\/2022\/04\/Horraire.png\" alt=\"\" width=\"203\" height=\"144\" \/><\/p>\t\t\t\t\t\t\t\t<\/div>\n\t\t\t\t<\/div>\n\t\t\t\t<div class=\"elementor-element elementor-element-b5de5ae elementor-widget elementor-widget-text-editor\" data-id=\"b5de5ae\" data-element_type=\"widget\" data-e-type=\"widget\" data-widget_type=\"text-editor.default\">\n\t\t\t\t<div class=\"elementor-widget-container\">\n\t\t\t\t\t\t\t\t\t<p><img loading=\"lazy\" decoding=\"async\" class=\"alignnone size-full wp-image-93\" src=\"https:\/\/radiologiesmbb.com\/wp-content\/uploads\/2022\/04\/Horraire-1.png\" alt=\"\" width=\"201\" height=\"213\" \/><\/p>\t\t\t\t\t\t\t\t<\/div>\n\t\t\t\t<\/div>\n\t\t\t\t\t<\/div>\n\t\t<\/div>\n\t\t\t\t\t<\/div>\n\t\t<\/section>\n\t\t\t\t\t<\/div>\n\t\t<\/div>\n\t\t\t\t\t<\/div>\n\t\t<\/section>\n\t\t\t\t<\/div>","protected":false},"excerpt":{"rendered":"<p>Liens utiles Association canadienne des radiologistes En sa qualit\u00e9 de porte-parole de la profession au Canada, l\u2019Association canadienne des radiologistes d\u00e9fend des normes de pratique \u00e9lev\u00e9es en imagerie centr\u00e9e sur les patients, en apprentissage continu et en recherche. Les radiologistes font partie int\u00e9grante de l\u2019\u00e9quipe clinique. Association des radiologistes du Qu\u00e9bec C\u2019est en d\u00e9cembre 1947 [&hellip;]<\/p>\n","protected":false},"author":1,"featured_media":0,"parent":0,"menu_order":0,"comment_status":"closed","ping_status":"closed","template":"","meta":{"om_disable_all_campaigns":false,"_monsterinsights_skip_tracking":false,"_monsterinsights_sitenote_active":false,"_monsterinsights_sitenote_note":"","_monsterinsights_sitenote_category":0,"_uf_show_specific_survey":0,"_uf_disable_surveys":false,"iawp_total_views":3481,"footnotes":""},"class_list":["post-54","page","type-page","status-publish","hentry"],"aioseo_notices":[],"_links":{"self":[{"href":"https:\/\/radiologiesmbb.com\/en\/wp-json\/wp\/v2\/pages\/54","targetHints":{"allow":["GET"]}}],"collection":[{"href":"https:\/\/radiologiesmbb.com\/en\/wp-json\/wp\/v2\/pages"}],"about":[{"href":"https:\/\/radiologiesmbb.com\/en\/wp-json\/wp\/v2\/types\/page"}],"author":[{"embeddable":true,"href":"https:\/\/radiologiesmbb.com\/en\/wp-json\/wp\/v2\/users\/1"}],"replies":[{"embeddable":true,"href":"https:\/\/radiologiesmbb.com\/en\/wp-json\/wp\/v2\/comments?post=54"}],"version-history":[{"count":4,"href":"https:\/\/radiologiesmbb.com\/en\/wp-json\/wp\/v2\/pages\/54\/revisions"}],"predecessor-version":[{"id":165,"href":"https:\/\/radiologiesmbb.com\/en\/wp-json\/wp\/v2\/pages\/54\/revisions\/165"}],"wp:attachment":[{"href":"https:\/\/radiologiesmbb.com\/en\/wp-json\/wp\/v2\/media?parent=54"}],"curies":[{"name":"wp","href":"https:\/\/api.w.org\/{rel}","templated":true}]}}